{"id":1895,"date":"2017-06-27T21:26:08","date_gmt":"2017-06-27T18:26:08","guid":{"rendered":"http:\/\/www.bimy.org.tr\/bimy24\/?page_id=1895"},"modified":"2017-06-27T22:01:56","modified_gmt":"2017-06-27T19:01:56","slug":"yaziligorsel-medyada-cikan-haberler","status":"publish","type":"page","link":"http:\/\/www.bimy.org.tr\/bimy24\/etkinlikbilgileri\/yaziligorsel-medyada-cikan-haberler\/","title":{"rendered":"Yaz\u0131l\u0131\/G\u00f6rsel Medyada \u00c7\u0131kan Haberler"},"content":{"rendered":"<p>[vc_row][vc_column][vc_separator color=&#8221;violet&#8221; style=&#8221;shadow&#8221; border_width=&#8221;2&#8243;][\/vc_column][\/vc_row][vc_row][vc_column width=&#8221;1\/2&#8243;][vc_column_text]Yaz\u0131l\u0131\/G\u00f6rsel Medyada \u00e7\u0131kan B\u0130MY&#8217;24 haberlerini g\u00f6r\u00fcnt\u00fclemek i\u00e7in;[\/vc_column_text][\/vc_column][vc_column width=&#8221;1\/2&#8243;][vc_btn title=&#8221;Part 1 \u0130ndir&#8221; style=&#8221;classic&#8221; color=&#8221;primary&#8221; link=&#8221;url:http%3A%2F%2Fwww.bimy.org.tr%2Fbimy24%2Fmedya-yansimalari%2Fbimy24-basin-yansimalari-part-1.zip||target:%20_blank|&#8221;][vc_btn title=&#8221;Part 2 \u0130ndir&#8221; style=&#8221;classic&#8221; color=&#8221;primary&#8221; link=&#8221;url:http%3A%2F%2Fwww.bimy.org.tr%2Fbimy24%2Fmedya-yansimalari%2Fbimy24-basin-yansimalari-part-2.zip||target:%20_blank|&#8221;][vc_btn title=&#8221;Part 3 \u0130ndir&#8221; style=&#8221;classic&#8221; color=&#8221;primary&#8221; link=&#8221;url:http%3A%2F%2Fwww.bimy.org.tr%2Fbimy24%2Fmedya-yansimalari%2Fbimy24-basin-yansimalari-part-3.zip||target:%20_blank|&#8221;][vc_btn title=&#8221;Part 4 \u0130ndir&#8221; style=&#8221;classic&#8221; color=&#8221;primary&#8221; link=&#8221;url:http%3A%2F%2Fwww.bimy.org.tr%2Fbimy24%2Fmedya-yansimalari%2Fbimy24-basin-yansimalari-part-4.zip||target:%20_blank|&#8221;][\/vc_column][\/vc_row]<\/p>\n","protected":false},"excerpt":{"rendered":"<p>[vc_row][vc_column][vc_separator color=&#8221;violet&#8221; style=&#8221;shadow&#8221; border_width=&#8221;2&#8243;][\/vc_column][\/vc_row][vc_row][vc_column width=&#8221;1\/2&#8243;][vc_column_text]Yaz\u0131l\u0131\/G\u00f6rsel Medyada \u00e7\u0131kan B\u0130MY&#8217;24 haberlerini g\u00f6r\u00fcnt\u00fclemek i\u00e7in;[\/vc_column_text][\/vc_column][vc_column width=&#8221;1\/2&#8243;][vc_btn title=&#8221;Part 1 \u0130ndir&#8221; style=&#8221;classic&#8221; color=&#8221;primary&#8221; link=&#8221;url:http%3A%2F%2Fwww.bimy.org.tr%2Fbimy24%2Fmedya-yansimalari%2Fbimy24-basin-yansimalari-part-1.zip||target:%20_blank|&#8221;][vc_btn title=&#8221;Part 2 \u0130ndir&#8221; style=&#8221;classic&#8221; color=&#8221;primary&#8221; link=&#8221;url:http%3A%2F%2Fwww.bimy.org.tr%2Fbimy24%2Fmedya-yansimalari%2Fbimy24-basin-yansimalari-part-2.zip||target:%20_blank|&#8221;][vc_btn title=&#8221;Part 3 \u0130ndir&#8221; style=&#8221;classic&#8221; color=&#8221;primary&#8221; link=&#8221;url:http%3A%2F%2Fwww.bimy.org.tr%2Fbimy24%2Fmedya-yansimalari%2Fbimy24-basin-yansimalari-part-3.zip||target:%20_blank|&#8221;][vc_btn title=&#8221;Part 4 \u0130ndir&#8221; style=&#8221;classic&#8221; color=&#8221;primary&#8221; link=&#8221;url:http%3A%2F%2Fwww.bimy.org.tr%2Fbimy24%2Fmedya-yansimalari%2Fbimy24-basin-yansimalari-part-4.zip||target:%20_blank|&#8221;][\/vc_column][\/vc_row]<\/p>\n","protected":false},"author":4,"featured_media":0,"parent":1826,"menu_order":0,"comment_status":"closed","ping_status":"closed","template":"","meta":{"footnotes":""},"_links":{"self":[{"href":"http:\/\/www.bimy.org.tr\/bimy24\/wp-json\/wp\/v2\/pages\/1895"}],"collection":[{"href":"http:\/\/www.bimy.org.tr\/bimy24\/wp-json\/wp\/v2\/pages"}],"about":[{"href":"http:\/\/www.bimy.org.tr\/bimy24\/wp-json\/wp\/v2\/types\/page"}],"author":[{"embeddable":true,"href":"http:\/\/www.bimy.org.tr\/bimy24\/wp-json\/wp\/v2\/users\/4"}],"replies":[{"embeddable":true,"href":"http:\/\/www.bimy.org.tr\/bimy24\/wp-json\/wp\/v2\/comments?post=1895"}],"version-history":[{"count":4,"href":"http:\/\/www.bimy.org.tr\/bimy24\/wp-json\/wp\/v2\/pages\/1895\/revisions"}],"predecessor-version":[{"id":1900,"href":"http:\/\/www.bimy.org.tr\/bimy24\/wp-json\/wp\/v2\/pages\/1895\/revisions\/1900"}],"up":[{"embeddable":true,"href":"http:\/\/www.bimy.org.tr\/bimy24\/wp-json\/wp\/v2\/pages\/1826"}],"wp:attachment":[{"href":"http:\/\/www.bimy.org.tr\/bimy24\/wp-json\/wp\/v2\/media?parent=1895"}],"curies":[{"name":"wp","href":"https:\/\/api.w.org\/{rel}","templated":true}]}}