{"id":903,"date":"2016-03-12T21:52:47","date_gmt":"2016-03-12T19:52:47","guid":{"rendered":"http:\/\/bimy.org.tr\/bimy24\/?page_id=903"},"modified":"2017-03-18T15:48:53","modified_gmt":"2017-03-18T12:48:53","slug":"gorseller","status":"publish","type":"page","link":"http:\/\/www.bimy.org.tr\/bimy24\/gorseller\/","title":{"rendered":"G\u00f6rseller"},"content":{"rendered":"<p style=\"text-align: center;\"><strong>TBD B\u0130MY&#8217;24 Afi\u015f, Poster G\u00f6rseller<\/strong><\/p>\n<p style=\"text-align: center;\"><img loading=\"lazy\" decoding=\"async\" class=\"alignnone size-large wp-image-1376\" src=\"http:\/\/www.bimy.org.tr\/bimy24\/wp-content\/uploads\/2016\/03\/1660x650-1-1024x401.jpg\" alt=\"1660x650\" width=\"1024\" height=\"401\" srcset=\"http:\/\/www.bimy.org.tr\/bimy24\/wp-content\/uploads\/2016\/03\/1660x650-1-1024x401.jpg 1024w, http:\/\/www.bimy.org.tr\/bimy24\/wp-content\/uploads\/2016\/03\/1660x650-1-300x117.jpg 300w, http:\/\/www.bimy.org.tr\/bimy24\/wp-content\/uploads\/2016\/03\/1660x650-1-768x301.jpg 768w, http:\/\/www.bimy.org.tr\/bimy24\/wp-content\/uploads\/2016\/03\/1660x650-1.jpg 1660w\" sizes=\"(max-width: 1024px) 100vw, 1024px\" \/><\/p>\n<p style=\"text-align: center;\"><strong><br \/>\n<img loading=\"lazy\" decoding=\"async\" class=\"alignnone wp-image-1373 size-large\" src=\"http:\/\/www.bimy.org.tr\/bimy24\/wp-content\/uploads\/2016\/03\/1380x1380-1-1024x1024.jpg\" alt=\"1380x1380\" width=\"1024\" height=\"1024\" srcset=\"http:\/\/www.bimy.org.tr\/bimy24\/wp-content\/uploads\/2016\/03\/1380x1380-1-1024x1024.jpg 1024w, http:\/\/www.bimy.org.tr\/bimy24\/wp-content\/uploads\/2016\/03\/1380x1380-1-150x150.jpg 150w, http:\/\/www.bimy.org.tr\/bimy24\/wp-content\/uploads\/2016\/03\/1380x1380-1-300x300.jpg 300w, http:\/\/www.bimy.org.tr\/bimy24\/wp-content\/uploads\/2016\/03\/1380x1380-1-768x768.jpg 768w, http:\/\/www.bimy.org.tr\/bimy24\/wp-content\/uploads\/2016\/03\/1380x1380-1-180x180.jpg 180w, http:\/\/www.bimy.org.tr\/bimy24\/wp-content\/uploads\/2016\/03\/1380x1380-1-600x600.jpg 600w, http:\/\/www.bimy.org.tr\/bimy24\/wp-content\/uploads\/2016\/03\/1380x1380-1-458x458.jpg 458w, http:\/\/www.bimy.org.tr\/bimy24\/wp-content\/uploads\/2016\/03\/1380x1380-1.jpg 1380w\" sizes=\"(max-width: 1024px) 100vw, 1024px\" \/><br \/>\n<\/strong><\/p>\n<p style=\"text-align: center;\">\n<p style=\"text-align: center;\"><img loading=\"lazy\" decoding=\"async\" class=\"alignnone size-large wp-image-1375\" src=\"http:\/\/www.bimy.org.tr\/bimy24\/wp-content\/uploads\/2016\/03\/1360x820-2-1024x617.jpg\" alt=\"1360x820\" width=\"1024\" height=\"617\" srcset=\"http:\/\/www.bimy.org.tr\/bimy24\/wp-content\/uploads\/2016\/03\/1360x820-2-1024x617.jpg 1024w, http:\/\/www.bimy.org.tr\/bimy24\/wp-content\/uploads\/2016\/03\/1360x820-2-300x181.jpg 300w, http:\/\/www.bimy.org.tr\/bimy24\/wp-content\/uploads\/2016\/03\/1360x820-2-768x463.jpg 768w, http:\/\/www.bimy.org.tr\/bimy24\/wp-content\/uploads\/2016\/03\/1360x820-2.jpg 1360w\" sizes=\"(max-width: 1024px) 100vw, 1024px\" \/><\/p>\n<p style=\"text-align: center;\"><img loading=\"lazy\" decoding=\"async\" class=\"alignnone size-full wp-image-1377\" src=\"http:\/\/www.bimy.org.tr\/bimy24\/wp-content\/uploads\/2016\/03\/970x250.jpg\" alt=\"970x250\" width=\"970\" height=\"250\" srcset=\"http:\/\/www.bimy.org.tr\/bimy24\/wp-content\/uploads\/2016\/03\/970x250.jpg 970w, http:\/\/www.bimy.org.tr\/bimy24\/wp-content\/uploads\/2016\/03\/970x250-300x77.jpg 300w, http:\/\/www.bimy.org.tr\/bimy24\/wp-content\/uploads\/2016\/03\/970x250-768x198.jpg 768w\" sizes=\"(max-width: 970px) 100vw, 970px\" \/><\/p>\n<p style=\"text-align: center;\"><img loading=\"lazy\" decoding=\"async\" class=\"alignnone size-full wp-image-1378\" src=\"http:\/\/www.bimy.org.tr\/bimy24\/wp-content\/uploads\/2016\/03\/970x90.jpg\" alt=\"970x90\" width=\"970\" height=\"90\" srcset=\"http:\/\/www.bimy.org.tr\/bimy24\/wp-content\/uploads\/2016\/03\/970x90.jpg 970w, http:\/\/www.bimy.org.tr\/bimy24\/wp-content\/uploads\/2016\/03\/970x90-300x28.jpg 300w, http:\/\/www.bimy.org.tr\/bimy24\/wp-content\/uploads\/2016\/03\/970x90-768x71.jpg 768w\" sizes=\"(max-width: 970px) 100vw, 970px\" \/><\/p>\n<p style=\"text-align: center;\"><img loading=\"lazy\" decoding=\"async\" class=\"alignnone size-full wp-image-1379\" src=\"http:\/\/www.bimy.org.tr\/bimy24\/wp-content\/uploads\/2016\/03\/728x90.jpg\" alt=\"728x90\" width=\"728\" height=\"90\" srcset=\"http:\/\/www.bimy.org.tr\/bimy24\/wp-content\/uploads\/2016\/03\/728x90.jpg 728w, http:\/\/www.bimy.org.tr\/bimy24\/wp-content\/uploads\/2016\/03\/728x90-300x37.jpg 300w\" sizes=\"(max-width: 728px) 100vw, 728px\" \/><\/p>\n<p style=\"text-align: center;\"><img loading=\"lazy\" decoding=\"async\" class=\"alignnone size-full wp-image-1380\" src=\"http:\/\/www.bimy.org.tr\/bimy24\/wp-content\/uploads\/2016\/03\/468x60.jpg\" alt=\"468x60\" width=\"468\" height=\"60\" srcset=\"http:\/\/www.bimy.org.tr\/bimy24\/wp-content\/uploads\/2016\/03\/468x60.jpg 468w, http:\/\/www.bimy.org.tr\/bimy24\/wp-content\/uploads\/2016\/03\/468x60-300x38.jpg 300w, http:\/\/www.bimy.org.tr\/bimy24\/wp-content\/uploads\/2016\/03\/468x60-458x60.jpg 458w\" sizes=\"(max-width: 468px) 100vw, 468px\" \/><\/p>\n<p style=\"text-align: center;\">\n<p style=\"text-align: center;\"><img loading=\"lazy\" decoding=\"async\" class=\"alignnone size-large wp-image-1387\" src=\"http:\/\/www.bimy.org.tr\/bimy24\/wp-content\/uploads\/2016\/03\/300x600.jpg\" alt=\"300x600\" width=\"300\" height=\"600\" srcset=\"http:\/\/www.bimy.org.tr\/bimy24\/wp-content\/uploads\/2016\/03\/300x600.jpg 300w, http:\/\/www.bimy.org.tr\/bimy24\/wp-content\/uploads\/2016\/03\/300x600-150x300.jpg 150w\" sizes=\"(max-width: 300px) 100vw, 300px\" \/><\/p>\n<p style=\"text-align: center;\"><img loading=\"lazy\" decoding=\"async\" class=\"alignnone size-large wp-image-1390\" src=\"http:\/\/www.bimy.org.tr\/bimy24\/wp-content\/uploads\/2016\/03\/336x280.jpg\" alt=\"336x280\" width=\"336\" height=\"280\" srcset=\"http:\/\/www.bimy.org.tr\/bimy24\/wp-content\/uploads\/2016\/03\/336x280.jpg 336w, http:\/\/www.bimy.org.tr\/bimy24\/wp-content\/uploads\/2016\/03\/336x280-300x250.jpg 300w\" sizes=\"(max-width: 336px) 100vw, 336px\" \/><\/p>\n<p style=\"text-align: center;\"><img loading=\"lazy\" decoding=\"async\" class=\"alignnone size-large wp-image-1386\" src=\"http:\/\/www.bimy.org.tr\/bimy24\/wp-content\/uploads\/2016\/03\/300x250.jpg\" alt=\"300x250\" width=\"300\" height=\"250\" \/><\/p>\n<p style=\"text-align: center;\"><img loading=\"lazy\" decoding=\"async\" class=\"alignnone size-large wp-image-1384\" src=\"http:\/\/www.bimy.org.tr\/bimy24\/wp-content\/uploads\/2016\/03\/240x400.jpg\" alt=\"240x400\" width=\"240\" height=\"400\" srcset=\"http:\/\/www.bimy.org.tr\/bimy24\/wp-content\/uploads\/2016\/03\/240x400.jpg 240w, http:\/\/www.bimy.org.tr\/bimy24\/wp-content\/uploads\/2016\/03\/240x400-180x300.jpg 180w\" sizes=\"(max-width: 240px) 100vw, 240px\" \/><\/p>\n<p style=\"text-align: center;\"><img loading=\"lazy\" decoding=\"async\" class=\"alignnone size-large wp-image-1385\" src=\"http:\/\/www.bimy.org.tr\/bimy24\/wp-content\/uploads\/2016\/03\/250x250.jpg\" alt=\"250x250\" width=\"250\" height=\"250\" srcset=\"http:\/\/www.bimy.org.tr\/bimy24\/wp-content\/uploads\/2016\/03\/250x250.jpg 250w, http:\/\/www.bimy.org.tr\/bimy24\/wp-content\/uploads\/2016\/03\/250x250-150x150.jpg 150w, http:\/\/www.bimy.org.tr\/bimy24\/wp-content\/uploads\/2016\/03\/250x250-180x180.jpg 180w\" sizes=\"(max-width: 250px) 100vw, 250px\" \/><\/p>\n<p style=\"text-align: center;\"><img loading=\"lazy\" decoding=\"async\" class=\"alignnone size-large wp-image-1383\" src=\"http:\/\/www.bimy.org.tr\/bimy24\/wp-content\/uploads\/2016\/03\/200x200.jpg\" alt=\"200x200\" width=\"200\" height=\"200\" srcset=\"http:\/\/www.bimy.org.tr\/bimy24\/wp-content\/uploads\/2016\/03\/200x200.jpg 200w, http:\/\/www.bimy.org.tr\/bimy24\/wp-content\/uploads\/2016\/03\/200x200-150x150.jpg 150w, http:\/\/www.bimy.org.tr\/bimy24\/wp-content\/uploads\/2016\/03\/200x200-180x180.jpg 180w\" sizes=\"(max-width: 200px) 100vw, 200px\" \/><\/p>\n<p style=\"text-align: center;\"><img loading=\"lazy\" decoding=\"async\" class=\"alignnone size-large wp-image-1389\" src=\"http:\/\/www.bimy.org.tr\/bimy24\/wp-content\/uploads\/2016\/03\/320x100.jpg\" alt=\"320x100\" width=\"320\" height=\"100\" srcset=\"http:\/\/www.bimy.org.tr\/bimy24\/wp-content\/uploads\/2016\/03\/320x100.jpg 320w, http:\/\/www.bimy.org.tr\/bimy24\/wp-content\/uploads\/2016\/03\/320x100-300x94.jpg 300w\" sizes=\"(max-width: 320px) 100vw, 320px\" \/><\/p>\n<p style=\"text-align: center;\"><img loading=\"lazy\" decoding=\"async\" class=\"alignnone size-large wp-image-1388\" src=\"http:\/\/www.bimy.org.tr\/bimy24\/wp-content\/uploads\/2016\/03\/320x50.jpg\" alt=\"320x50\" width=\"320\" height=\"50\" srcset=\"http:\/\/www.bimy.org.tr\/bimy24\/wp-content\/uploads\/2016\/03\/320x50.jpg 320w, http:\/\/www.bimy.org.tr\/bimy24\/wp-content\/uploads\/2016\/03\/320x50-300x47.jpg 300w\" sizes=\"(max-width: 320px) 100vw, 320px\" \/><\/p>\n<p style=\"text-align: center;\"><img loading=\"lazy\" decoding=\"async\" class=\"alignnone size-large wp-image-1382\" src=\"http:\/\/www.bimy.org.tr\/bimy24\/wp-content\/uploads\/2016\/03\/160x600.jpg\" alt=\"160x600\" width=\"160\" height=\"600\" srcset=\"http:\/\/www.bimy.org.tr\/bimy24\/wp-content\/uploads\/2016\/03\/160x600.jpg 160w, http:\/\/www.bimy.org.tr\/bimy24\/wp-content\/uploads\/2016\/03\/160x600-80x300.jpg 80w\" sizes=\"(max-width: 160px) 100vw, 160px\" \/><\/p>\n<p style=\"text-align: center;\"><img loading=\"lazy\" decoding=\"async\" class=\"alignnone size-full wp-image-1381\" src=\"http:\/\/www.bimy.org.tr\/bimy24\/wp-content\/uploads\/2016\/03\/120x600.jpg\" alt=\"120x600\" width=\"120\" height=\"600\" srcset=\"http:\/\/www.bimy.org.tr\/bimy24\/wp-content\/uploads\/2016\/03\/120x600.jpg 120w, http:\/\/www.bimy.org.tr\/bimy24\/wp-content\/uploads\/2016\/03\/120x600-60x300.jpg 60w\" sizes=\"(max-width: 120px) 100vw, 120px\" \/><\/p>\n","protected":false},"excerpt":{"rendered":"<p>TBD B\u0130MY&#8217;24 Afi\u015f, Poster G\u00f6rseller<\/p>\n","protected":false},"author":2,"featured_media":0,"parent":0,"menu_order":0,"comment_status":"closed","ping_status":"closed","template":"","meta":{"footnotes":""},"_links":{"self":[{"href":"http:\/\/www.bimy.org.tr\/bimy24\/wp-json\/wp\/v2\/pages\/903"}],"collection":[{"href":"http:\/\/www.bimy.org.tr\/bimy24\/wp-json\/wp\/v2\/pages"}],"about":[{"href":"http:\/\/www.bimy.org.tr\/bimy24\/wp-json\/wp\/v2\/types\/page"}],"author":[{"embeddable":true,"href":"http:\/\/www.bimy.org.tr\/bimy24\/wp-json\/wp\/v2\/users\/2"}],"replies":[{"embeddable":true,"href":"http:\/\/www.bimy.org.tr\/bimy24\/wp-json\/wp\/v2\/comments?post=903"}],"version-history":[{"count":13,"href":"http:\/\/www.bimy.org.tr\/bimy24\/wp-json\/wp\/v2\/pages\/903\/revisions"}],"predecessor-version":[{"id":1391,"href":"http:\/\/www.bimy.org.tr\/bimy24\/wp-json\/wp\/v2\/pages\/903\/revisions\/1391"}],"wp:attachment":[{"href":"http:\/\/www.bimy.org.tr\/bimy24\/wp-json\/wp\/v2\/media?parent=903"}],"curies":[{"name":"wp","href":"https:\/\/api.w.org\/{rel}","templated":true}]}}