{"id":1132,"date":"2016-03-21T00:20:08","date_gmt":"2016-03-20T22:20:08","guid":{"rendered":"http:\/\/bimy.org.tr\/bimy24\/?page_id=1132"},"modified":"2017-10-22T23:12:21","modified_gmt":"2017-10-22T20:12:21","slug":"program","status":"publish","type":"page","link":"https:\/\/www.bimy.org.tr\/bimy24\/program\/","title":{"rendered":"Program"},"content":{"rendered":"<div class=\"themeum-title rtl-right\">\n<h3 class=\"style-title\"><span style=\"color: #993366;\">TBD B\u0130MY&#8217;24 (24. Bilgi \u0130\u015flem Merkezi Y\u00f6neticileri Semineri)<\/span><\/h3>\n<h4 class=\"style-sub-title\"><span style=\"color: #993366;\">27- 30 Nisan 2017, RIXOS Premium Hotel Kongre Merkezi, Belek &#8211; ANTALYA<\/span><\/h4>\n<\/div>\n<p><span style=\"color: #993366;\"> &#8220;<strong>B\u0130L\u0130\u015e\u0130MDE GEL\u0130\u015e\u0130M, B\u0130L\u0130\u015e\u0130MLE GEL\u0130\u015e\u0130M<\/strong>&#8220;<\/span><\/p>\n<p><img loading=\"lazy\" decoding=\"async\" class=\"alignnone wp-image-1708 size-full\" src=\"http:\/\/www.bimy.org.tr\/bimy24\/wp-content\/uploads\/2016\/03\/prog3-BIMY.jpg\" alt=\"prog3-BIMY\" width=\"861\" height=\"5265\" srcset=\"https:\/\/www.bimy.org.tr\/bimy24\/wp-content\/uploads\/2016\/03\/prog3-BIMY.jpg 861w, https:\/\/www.bimy.org.tr\/bimy24\/wp-content\/uploads\/2016\/03\/prog3-BIMY-49x300.jpg 49w, https:\/\/www.bimy.org.tr\/bimy24\/wp-content\/uploads\/2016\/03\/prog3-BIMY-768x4696.jpg 768w\" sizes=\"(max-width: 861px) 100vw, 861px\" \/><\/p>\n<div class=\"pro_date\"><\/div>\n<div class=\"pro\"><\/div>\n<div id=\"s3gt_translate_tooltip\" class=\"s3gt_translate_tooltip\" style=\"position: absolute; left: 10px; top: 5604px; opacity: 0.1;\"><\/div>\n","protected":false},"excerpt":{"rendered":"<p>TBD B\u0130MY&#8217;24 (24. Bilgi \u0130\u015flem Merkezi Y\u00f6neticileri Semineri) 27- 30 Nisan 2017, RIXOS Premium Hotel Kongre Merkezi, Belek &#8211; ANTALYA &#8220;B\u0130L\u0130\u015e\u0130MDE GEL\u0130\u015e\u0130M, B\u0130L\u0130\u015e\u0130MLE GEL\u0130\u015e\u0130M&#8220;<\/p>\n","protected":false},"author":4,"featured_media":0,"parent":0,"menu_order":0,"comment_status":"closed","ping_status":"closed","template":"","meta":{"rs_blank_template":"","rs_page_bg_color":"","slide_template_v7":"","footnotes":""},"_links":{"self":[{"href":"https:\/\/www.bimy.org.tr\/bimy24\/wp-json\/wp\/v2\/pages\/1132"}],"collection":[{"href":"https:\/\/www.bimy.org.tr\/bimy24\/wp-json\/wp\/v2\/pages"}],"about":[{"href":"https:\/\/www.bimy.org.tr\/bimy24\/wp-json\/wp\/v2\/types\/page"}],"author":[{"embeddable":true,"href":"https:\/\/www.bimy.org.tr\/bimy24\/wp-json\/wp\/v2\/users\/4"}],"replies":[{"embeddable":true,"href":"https:\/\/www.bimy.org.tr\/bimy24\/wp-json\/wp\/v2\/comments?post=1132"}],"version-history":[{"count":193,"href":"https:\/\/www.bimy.org.tr\/bimy24\/wp-json\/wp\/v2\/pages\/1132\/revisions"}],"predecessor-version":[{"id":1905,"href":"https:\/\/www.bimy.org.tr\/bimy24\/wp-json\/wp\/v2\/pages\/1132\/revisions\/1905"}],"wp:attachment":[{"href":"https:\/\/www.bimy.org.tr\/bimy24\/wp-json\/wp\/v2\/media?parent=1132"}],"curies":[{"name":"wp","href":"https:\/\/api.w.org\/{rel}","templated":true}]}}