{"id":1826,"date":"2017-06-20T21:42:40","date_gmt":"2017-06-20T18:42:40","guid":{"rendered":"http:\/\/www.bimy.org.tr\/bimy24\/?page_id=1826"},"modified":"2017-06-27T22:03:39","modified_gmt":"2017-06-27T19:03:39","slug":"etkinlikbilgileri","status":"publish","type":"page","link":"https:\/\/www.bimy.org.tr\/bimy24\/etkinlikbilgileri\/","title":{"rendered":"Etkinlik Bilgileri"},"content":{"rendered":"<p>[vc_row][vc_column][vc_separator color=&#8221;violet&#8221; style=&#8221;shadow&#8221; border_width=&#8221;2&#8243;][\/vc_column][\/vc_row][vc_row][vc_column width=&#8221;1\/4&#8243;][vc_single_image image=&#8221;1859&#8243; img_size=&#8221;350&#215;350&#8243; alignment=&#8221;center&#8221; style=&#8221;vc_box_border&#8221; onclick=&#8221;custom_link&#8221; img_link_target=&#8221;_blank&#8221; link=&#8221;http:\/\/www.bimy.org.tr\/bimy24\/etkinlikbilgileri\/etkinlik-ozet-raporu-tum-konusmacilarin-konusma-ozetleri-pdf\/&#8221; title=&#8221;Etkinlik Sonu\u00e7 Raporu (pdf)&#8221;][\/vc_column][vc_column width=&#8221;1\/4&#8243;][vc_single_image image=&#8221;1758&#8243; img_size=&#8221;350&#215;350&#8243; alignment=&#8221;center&#8221; style=&#8221;vc_box_border&#8221; onclick=&#8221;custom_link&#8221; link=&#8221;http:\/\/www.bimy.org.tr\/bimy24\/etkinlikbilgileri\/yaziligorsel-medyada-cikan-haberler\/&#8221; title=&#8221;Bas\u0131nda \u00c7\u0131kan Haberler&#8221;][\/vc_column][vc_column width=&#8221;1\/4&#8243;][vc_single_image image=&#8221;1720&#8243; img_size=&#8221;350&#215;350&#8243; alignment=&#8221;center&#8221; style=&#8221;vc_box_border&#8221; onclick=&#8221;custom_link&#8221; link=&#8221;http:\/\/www.bimy.org.tr\/bimy24\/etkinlikbilgileri\/etkinlikten-fotograflar\/&#8221; title=&#8221;Etkinlikten Foto\u011fraflar&#8221;][\/vc_column][vc_column width=&#8221;1\/4&#8243;][vc_single_image image=&#8221;1843&#8243; img_size=&#8221;350&#215;350&#8243; alignment=&#8221;center&#8221; style=&#8221;vc_box_border&#8221; onclick=&#8221;custom_link&#8221; link=&#8221;http:\/\/www.bimy.org.tr\/bimy24\/etkinlikbilgileri\/etkinlikten-videolar\/&#8221; title=&#8221;Oturumlar,Konu\u015fmac\u0131lar Videolar&#8221;][\/vc_column][\/vc_row]<\/p>\n","protected":false},"excerpt":{"rendered":"<p>[vc_row][vc_column][vc_separator color=&#8221;violet&#8221; style=&#8221;shadow&#8221; border_width=&#8221;2&#8243;][\/vc_column][\/vc_row][vc_row][vc_column width=&#8221;1\/4&#8243;][vc_single_image image=&#8221;1859&#8243; img_size=&#8221;350&#215;350&#8243; alignment=&#8221;center&#8221; style=&#8221;vc_box_border&#8221; onclick=&#8221;custom_link&#8221; img_link_target=&#8221;_blank&#8221; link=&#8221;http:\/\/www.bimy.org.tr\/bimy24\/etkinlikbilgileri\/etkinlik-ozet-raporu-tum-konusmacilarin-konusma-ozetleri-pdf\/&#8221; title=&#8221;Etkinlik Sonu\u00e7 Raporu (pdf)&#8221;][\/vc_column][vc_column width=&#8221;1\/4&#8243;][vc_single_image image=&#8221;1758&#8243; img_size=&#8221;350&#215;350&#8243; alignment=&#8221;center&#8221; style=&#8221;vc_box_border&#8221; onclick=&#8221;custom_link&#8221; link=&#8221;http:\/\/www.bimy.org.tr\/bimy24\/etkinlikbilgileri\/yaziligorsel-medyada-cikan-haberler\/&#8221; title=&#8221;Bas\u0131nda \u00c7\u0131kan Haberler&#8221;][\/vc_column][vc_column width=&#8221;1\/4&#8243;][vc_single_image image=&#8221;1720&#8243; img_size=&#8221;350&#215;350&#8243; alignment=&#8221;center&#8221; style=&#8221;vc_box_border&#8221; onclick=&#8221;custom_link&#8221; link=&#8221;http:\/\/www.bimy.org.tr\/bimy24\/etkinlikbilgileri\/etkinlikten-fotograflar\/&#8221; title=&#8221;Etkinlikten Foto\u011fraflar&#8221;][\/vc_column][vc_column width=&#8221;1\/4&#8243;][vc_single_image image=&#8221;1843&#8243; img_size=&#8221;350&#215;350&#8243; alignment=&#8221;center&#8221; style=&#8221;vc_box_border&#8221; onclick=&#8221;custom_link&#8221; link=&#8221;http:\/\/www.bimy.org.tr\/bimy24\/etkinlikbilgileri\/etkinlikten-videolar\/&#8221; title=&#8221;Oturumlar,Konu\u015fmac\u0131lar Videolar&#8221;][\/vc_column][\/vc_row]<\/p>\n","protected":false},"author":4,"featured_media":0,"parent":0,"menu_order":0,"comment_status":"closed","ping_status":"closed","template":"","meta":{"rs_blank_template":"","rs_page_bg_color":"","slide_template_v7":"","footnotes":""},"_links":{"self":[{"href":"https:\/\/www.bimy.org.tr\/bimy24\/wp-json\/wp\/v2\/pages\/1826"}],"collection":[{"href":"https:\/\/www.bimy.org.tr\/bimy24\/wp-json\/wp\/v2\/pages"}],"about":[{"href":"https:\/\/www.bimy.org.tr\/bimy24\/wp-json\/wp\/v2\/types\/page"}],"author":[{"embeddable":true,"href":"https:\/\/www.bimy.org.tr\/bimy24\/wp-json\/wp\/v2\/users\/4"}],"replies":[{"embeddable":true,"href":"https:\/\/www.bimy.org.tr\/bimy24\/wp-json\/wp\/v2\/comments?post=1826"}],"version-history":[{"count":38,"href":"https:\/\/www.bimy.org.tr\/bimy24\/wp-json\/wp\/v2\/pages\/1826\/revisions"}],"predecessor-version":[{"id":1902,"href":"https:\/\/www.bimy.org.tr\/bimy24\/wp-json\/wp\/v2\/pages\/1826\/revisions\/1902"}],"wp:attachment":[{"href":"https:\/\/www.bimy.org.tr\/bimy24\/wp-json\/wp\/v2\/media?parent=1826"}],"curies":[{"name":"wp","href":"https:\/\/api.w.org\/{rel}","templated":true}]}}