{"id":1835,"date":"2017-06-20T22:05:14","date_gmt":"2017-06-20T19:05:14","guid":{"rendered":"http:\/\/www.bimy.org.tr\/bimy24\/?page_id=1835"},"modified":"2017-06-22T19:34:45","modified_gmt":"2017-06-22T16:34:45","slug":"etkinlik-ozet-raporu-tum-konusmacilarin-konusma-ozetleri-pdf","status":"publish","type":"page","link":"https:\/\/www.bimy.org.tr\/bimy24\/etkinlikbilgileri\/etkinlik-ozet-raporu-tum-konusmacilarin-konusma-ozetleri-pdf\/","title":{"rendered":"Etkinlik Sonu\u00e7 Raporu"},"content":{"rendered":"<p>[vc_row][vc_column][vc_separator color=&#8221;violet&#8221; style=&#8221;shadow&#8221; border_width=&#8221;2&#8243;][vc_column_text]Etkinlik \u00d6zet Raporunu (T\u00fcm Konu\u015fmac\u0131lar\u0131n Konu\u015fma \u00d6zetleri) PDF olarak g\u00f6r\u00fcnt\u00fclemek ve indirmek i\u00e7in <a href=\"http:\/\/www.bimy.org.tr\/bimy24\/TBD_BIMY24_Etkinlik_Sonuc_Raporu.pdf\" target=\"_blank\">t\u0131klay\u0131n\u0131z<\/a>.[\/vc_column_text][\/vc_column][\/vc_row]<\/p>\n","protected":false},"excerpt":{"rendered":"<p>[vc_row][vc_column][vc_separator color=&#8221;violet&#8221; style=&#8221;shadow&#8221; border_width=&#8221;2&#8243;][vc_column_text]Etkinlik \u00d6zet Raporunu (T\u00fcm Konu\u015fmac\u0131lar\u0131n Konu\u015fma \u00d6zetleri) PDF olarak g\u00f6r\u00fcnt\u00fclemek ve indirmek i\u00e7in t\u0131klay\u0131n\u0131z.[\/vc_column_text][\/vc_column][\/vc_row]<\/p>\n","protected":false},"author":4,"featured_media":0,"parent":1826,"menu_order":0,"comment_status":"closed","ping_status":"closed","template":"","meta":{"rs_blank_template":"","rs_page_bg_color":"","slide_template_v7":"","footnotes":""},"_links":{"self":[{"href":"https:\/\/www.bimy.org.tr\/bimy24\/wp-json\/wp\/v2\/pages\/1835"}],"collection":[{"href":"https:\/\/www.bimy.org.tr\/bimy24\/wp-json\/wp\/v2\/pages"}],"about":[{"href":"https:\/\/www.bimy.org.tr\/bimy24\/wp-json\/wp\/v2\/types\/page"}],"author":[{"embeddable":true,"href":"https:\/\/www.bimy.org.tr\/bimy24\/wp-json\/wp\/v2\/users\/4"}],"replies":[{"embeddable":true,"href":"https:\/\/www.bimy.org.tr\/bimy24\/wp-json\/wp\/v2\/comments?post=1835"}],"version-history":[{"count":4,"href":"https:\/\/www.bimy.org.tr\/bimy24\/wp-json\/wp\/v2\/pages\/1835\/revisions"}],"predecessor-version":[{"id":1890,"href":"https:\/\/www.bimy.org.tr\/bimy24\/wp-json\/wp\/v2\/pages\/1835\/revisions\/1890"}],"up":[{"embeddable":true,"href":"https:\/\/www.bimy.org.tr\/bimy24\/wp-json\/wp\/v2\/pages\/1826"}],"wp:attachment":[{"href":"https:\/\/www.bimy.org.tr\/bimy24\/wp-json\/wp\/v2\/media?parent=1835"}],"curies":[{"name":"wp","href":"https:\/\/api.w.org\/{rel}","templated":true}]}}