{"id":70,"date":"2015-09-15T06:20:49","date_gmt":"2015-09-15T06:20:49","guid":{"rendered":"http:\/\/demo.themeum.com\/wordpress\/eventum\/?page_id=70"},"modified":"2017-06-22T19:07:25","modified_gmt":"2017-06-22T16:07:25","slug":"home","status":"publish","type":"page","link":"https:\/\/www.bimy.org.tr\/bimy24\/","title":{"rendered":"Ana Sayfa"},"content":{"rendered":"<p>[vc_row full_width=&#8221;stretch_row&#8221; css=&#8221;.vc_custom_1490793848700{padding-top: 564px !important;padding-bottom: 20px !important;padding-left: 1050px !important;background-image: url(http:\/\/www.bimy.org.tr\/bimy24\/wp-content\/uploads\/2015\/09\/countdown24-bg2333.jpg?id=1460) !important;background-position: center !important;background-repeat: no-repeat !important;background-size: cover !important;}&#8221;][vc_column][\/vc_column][\/vc_row][vc_row css=&#8221;.vc_custom_1493109057520{background-color: #8500a3 !important;}&#8221;][vc_column width=&#8221;1\/4&#8243;][\/vc_column][vc_column width=&#8221;1\/2&#8243;][vc_btn title=&#8221;ETK\u0130NL\u0130K SONU\u00c7 RAPORU, BASINDA \u00c7IKAN HABERLER, ETK\u0130NL\u0130K FOTO\u011eRAFLARI ve VIDEOLARI&#8221; style=&#8221;3d&#8221; color=&#8221;white&#8221; i_icon_fontawesome=&#8221;fa fa-share-alt&#8221; link=&#8221;url:http%3A%2F%2Fwww.bimy.org.tr%2Fbimy24%2Fetkinlikbilgileri%2F||&#8221; add_icon=&#8221;true&#8221;][\/vc_column][vc_column width=&#8221;1\/4&#8243;][\/vc_column][\/vc_row][vc_row css=&#8221;.vc_custom_1498147635894{background-color: #ffffff !important;}&#8221;][vc_column width=&#8221;1\/4&#8243;]<div class=\"themeum-button rtl-right\" style=\"display: inline; text-align:left;display:inline-block;\"><a data-hover-color=\"#ffffff\" data-hover-bg-color=\"#96157c\"  class=\"thm-color themeum_button_shortcode\" style=\"font-size:16px;line-height:16px;color:#ffffff;background:#30936f;border-radius:4px;font-weight:500;margin:0 20px 0 0;padding:15px 30px;display:inline-block\" href=\"http:\/\/www.bimy.org.tr\/bimy24\/program\/\" target=\"_blank\">PROGRAM<\/a><\/div>[\/vc_column][vc_column width=&#8221;1\/4&#8243;]<div class=\"themeum-button rtl-right\" style=\"display: inline; text-align:left;display:inline-block;\"><a data-hover-color=\"#ffffff\" data-hover-bg-color=\"#96157c\"  class=\"thm-color themeum_button_shortcode\" style=\"font-size:16px;line-height:16px;color:#ffffff;background:#14b0e0;border-radius:4px;font-weight:500;margin:0 20px 0 0;padding:15px 30px;display:inline-block\" href=\"http:\/\/www.bimy.org.tr\/bimy24\/sponsorluk\/\" target=\"_blank\">SPONSORLUK<\/a><\/div>[\/vc_column][vc_column width=&#8221;1\/4&#8243;]<div class=\"themeum-button rtl-right\" style=\"display: inline; text-align:left;display:inline-block;\"><a data-hover-color=\"#ffffff\" data-hover-bg-color=\"#561554\"  class=\"thm-color themeum_button_shortcode\" style=\"font-size:16px;line-height:16px;color:#ffffff;background:#f75b33;border-radius:4px;font-weight:500;margin:0 20px 0 0;padding:15px 30px;display:inline-block\" href=\"#\" target=\"_parent\">TRANSFER KAYIT<\/a><\/div>[\/vc_column][vc_column width=&#8221;1\/4&#8243;]<div class=\"themeum-button rtl-right\" style=\"display: inline; text-align:left;display:inline-block;\"><a data-hover-color=\"#ffffff\" data-hover-bg-color=\"#561554\"  class=\"thm-color themeum_button_shortcode\" style=\"font-size:16px;line-height:16px;color:#ffffff;background:#e8c83e;border-radius:4px;font-weight:500;margin:0 20px 0 0;padding:15px 30px;display:inline-block\" href=\"#\" target=\"_parent\">KATILIM KAYIT<\/a><\/div>[\/vc_column][\/vc_row][vc_row css=&#8221;.vc_custom_1451643690338{margin-top: 70px !important;margin-bottom: 100px !important;}&#8221;][vc_column width=&#8221;5\/6&#8243;]<div class=\"themeum-title  rtl-right\" style=\"text-align:left;\"><h3 class=\"style-title\" style=\"font-weight:700;font-size:28px;line-height: normal;color:#92278f;\">TBD B\u0130MY'24 (24. Bilgi \u0130\u015flem Merkezi Y\u00f6neticileri Semineri)<\/h3><h4 class=\"style-sub-title\" style=\"font-size:20px;font-weight:600;color:#0a0a0a;\">27- 30 Nisan 2017, RIXOS Premium Hotel Kongre Merkezi, Belek - ANTALYA<\/h4><\/div>[vc_column_text]<\/p>\n<div class=\"\">\n<div class=\"\">\n<div class=\"\">\n<div class=\"themeum-title rtl-right\">\u201c<strong>B\u0130L\u0130\u015e\u0130MDE GEL\u0130\u015e\u0130M, B\u0130L\u0130\u015e\u0130MLE GEL\u0130\u015e\u0130M<\/strong>\u201c<\/div>\n<div class=\"themeum-title rtl-right\"><\/div>\n<p><span style=\"font-family: Arial;\">Geleneksel TBD etkinliklerinden olan \u201c<b class=\"\">Bili\u015fimde Bahar Bulu\u015fmas\u0131<\/b>\u201d olarak bilinen B\u0130MY\u201924, &#8220;<b class=\"\">27-<span id=\"OBJ_PREFIX_DWT446_com_zimbra_date\" class=\"Object\">30 Nisan 2017<\/span><\/b>&#8221; tarihlerinde &#8220;<b class=\"\">Bili\u015fimde Geli\u015fim, Bili\u015fimle Geli\u015fim<\/b>&#8221; ana temas\u0131 ile <b class=\"\">RIXOS Premium Kongre Merkezi, Belek Antalya\u2019da <\/b>ger\u00e7ekle\u015ftirilecektir. <\/span><\/p>\n<\/div>\n<div class=\"\"><\/div>\n<div class=\"\"><span style=\"font-family: Arial;\">Kamu, \u00d6zel Sekt\u00f6r ve \u00dcniversitelerin orta ve \u00fcst d\u00fczey y\u00f6neticilerinin mesleki geli\u015fimi ve dayan\u0131\u015fmalar\u0131n\u0131 geli\u015ftirmek amac\u0131yla bir araya geldi\u011fi, B\u0130MY\u201924 Seminerimizde bu sene <b class=\"\">AR-GE, \u00dcRET\u0130M ve \u0130ST\u0130HDAM<\/b> \u00fczerine mevcut durum de\u011ferlendirmeleri yan\u0131nda, bili\u015fim ve ileti\u015fim teknolojileri alan\u0131ndaki k\u00fcresel geli\u015fmeler, gelece\u011fe y\u00f6nelik \u00f6ng\u00f6r\u00fcler ele al\u0131narak fark\u0131ndal\u0131k yarat\u0131lmaya \u00e7al\u0131\u015f\u0131lacak ve ilgili kurum ve kurulu\u015flara sunulmak \u00fczere sonu\u00e7 raporlar\u0131 haz\u0131rlanacakt\u0131r. <\/span><\/div>\n<div class=\"\"><\/div>\n<div class=\"\"><span style=\"font-family: Arial;\">\u00dclkemizin kalk\u0131nmas\u0131nda vatanda\u015flar\u0131m\u0131z\u0131n refah\u0131n\u0131 her zaman \u00f6nde tutan y\u00f6netim yakla\u015f\u0131m\u0131yla haz\u0131rlanm\u0131\u015f olan 64. H\u00fck\u00fcmet Program\u0131n\u0131n 32. maddesinde yer alan \u201c<b class=\"\">Dijital T\u00fcrkiye<\/b>&#8221; Projesini hayata ge\u00e7irme hedefi do\u011frultusunda ger\u00e7ekle\u015ftirece\u011fimiz B\u0130MY\u201924 etkinli\u011fimizde her alanda &#8220;<b class=\"\">Verimlilik ve S\u00fcrd\u00fcr\u00fclebilirlik<\/b>&#8221; kavramlar\u0131n\u0131n \u00f6nemine dikkat \u00e7ekilerek oturumlar ve paneller ger\u00e7ekle\u015ftirilecektir. <\/span><\/div>\n<div class=\"\"><\/div>\n<div class=\"\"><\/div>\n<div class=\"\"><b class=\"\">OTURUMLAR <\/b><\/div>\n<div class=\"\"><span style=\"font-family: Arial;\">&#8211; 4. Sanayi Devrimi ve Bili\u015fimle <strong>\u00dcRETEN<\/strong> T\u00fcrkiye <\/span><\/div>\n<div class=\"\">\n<div class=\"\"><span style=\"font-family: Arial;\">&#8211; Bili\u015fimle Geli\u015fim i\u00e7in <strong>AR-GE : S\u00dcRD\u00dcR\u00dcLEB\u0130L\u0130RL\u0130K<\/strong><\/span><\/div>\n<div class=\"\"><span style=\"font-family: Arial;\">&#8211; \u00dclkemizin <strong>\u0130ST\u0130HDAM<\/strong> sorununa y\u00f6nelik K\u0131<span id=\"OBJ_PREFIX_DWT447_com_zimbra_date\" class=\"Object\">sa<\/span> ve Uzun D\u00f6nem Politikalar, Mesleki Yeterlilik<br class=\"\" \/><\/span><\/div>\n<\/div>\n<div class=\"\"><span style=\"font-family: Arial;\">&#8211; B\u0130L\u0130\u015e\u0130M TEKNOLOJ\u0130LER\u0130 VE VER\u0130ML\u0130L\u0130K ARTI\u015eI, B\u0130L\u0130\u015e\u0130M HARCAMALARINDA <strong>VER\u0130ML\u0130L\u0130K<\/strong><\/span><\/div>\n<div class=\"\"><\/div>\n<div class=\"\"><\/div>\n<div class=\"\"><b class=\"\">A\u00c7ILI\u015e KONU\u015eMACILARI <\/b><\/div>\n<div class=\"\">B\u0130MY Etkinliklerinin bu seneki a\u00e7\u0131l\u0131\u015f konu\u015fmalar\u0131n\u0131 T.C. KALKINMA BAKANI Say\u0131n L\u00fctfi ELVAN ve T\u00dcS\u0130AD Ba\u015fkan\u0131 Say\u0131n Erol B\u0130LEC\u0130K yapacakt\u0131r.<\/div>\n<div class=\"\"><\/div>\n<div class=\"\"><\/div>\n<div class=\"\"><b class=\"\">\u00c7A\u011eRILI KONU\u015eMACILAR <\/b><\/div>\n<div class=\"\"><span style=\"font-family: Arial;\">Bu sene de B\u0130MY Etkinliklerine farkl\u0131 bir renk katan ve \u00f6zenle belirlenen, konusunda duayen konu\u015fmac\u0131lar yapt\u0131klar\u0131 nitelikli, bilgilendirici, yol g\u00f6sterici sunumlarla ba\u015far\u0131 hikayelerini, durum tespitlerini ve gelece\u011fe dair \u00f6ng\u00f6r\u00fclerini, sekt\u00f6r\u00fcn \u00f6n\u00fcn\u00fc a\u00e7acak g\u00f6r\u00fc\u015f ve \u00f6nerilerini kat\u0131l\u0131mc\u0131larla payla\u015facaklard\u0131r. <\/span><\/div>\n<div class=\"\"><\/div>\n<div class=\"\"><\/div>\n<div class=\"\"><b class=\"\">STAND \/ SERG\u0130 ALANLARI<\/b><\/div>\n<div class=\"\"><span style=\"font-family: Arial;\">Kat\u0131l\u0131mc\u0131 firmalar ve destekleyici kurum ve kurulu\u015flar taraf\u0131ndan kongre merkezi fuaye alan\u0131nda standlar a\u00e7\u0131lmakta, \u00fcr\u00fcn ve hizmetleri tan\u0131t\u0131mlar\u0131 yap\u0131lmaktad\u0131r. <\/span><\/div>\n<div class=\"\"><\/div>\n<div class=\"\"><\/div>\n<div class=\"\">\n<div class=\"\"><span style=\"font-family: Arial;\"><b class=\"\">DE\u011eERLEND\u0130RME OTURUMU ve SONU\u00c7 RAPORU<\/b><\/span><\/div>\n<div class=\"\"><span style=\"font-family: Arial;\">Etkinlik sonunda 2 g\u00fcn boyunca ger\u00e7ekle\u015ftirilen oturumlarda ele al\u0131nan konular, konu\u015fmalar ve ger\u00e7ekle\u015ftirilen sunumlar \u00e7er\u00e7evesinde haz\u0131rlanacak de\u011ferlendirme ve sonu\u00e7 raporu H\u00fck\u00fcmetimize sunulacakt\u0131r. <\/span><span style=\"font-family: Arial;\"><br \/>\n<\/span><\/div>\n<div class=\"\"><\/div>\n<div class=\"\"><\/div>\n<\/div>\n<div class=\"\"><b class=\"\">REKABET ORTAMINDA TAKIM \u00c7ALI\u015eMALARI<\/b><\/div>\n<div class=\"\"><span style=\"font-family: Arial;\">Etkinliklerimizde geleneksel hale gelmi\u015f olan farkl\u0131 niteliklerde d\u00fc\u015f\u00fcnd\u00fcr\u00fcc\u00fc ve e\u011flendirici niteliklerde tak\u0131m \u00e7al\u0131\u015fmalar\u0131 aktiviteleri 2 g\u00fcn boyunca oturumlardan sonra kat\u0131l\u0131mc\u0131larla birlikte ger\u00e7ekle\u015ftirilecektir. <\/span><\/div>\n<div class=\"\"><\/div>\n<div class=\"\"><\/div>\n<div class=\"\"><b class=\"\">DESTEKLEYEN KURUM ve KURULU\u015eLAR<\/b><\/div>\n<div class=\"\"><span style=\"font-family: Arial;\">TBD B\u0130MY\u201924 T.C. Ula\u015ft\u0131rma, Denizcilik ve Haberle\u015fme Bakanl\u0131\u011f\u0131, T.C. Bilim, Sanayi ve Teknoloji Bakanl\u0131\u011f\u0131, T.C. Kalk\u0131nma Bakanl\u0131\u011f\u0131, Bilgi Teknolojileri ve \u0130leti\u015fim Kurumu (BTK) ve Digital T\u00fcrkiye Platformu taraf\u0131ndan desteklenmektedir. <\/span><\/div>\n<div class=\"\"><\/div>\n<div class=\"\"><span style=\"font-family: Arial;\">Bug\u00fcne kadar ger\u00e7ekle\u015ftirilen etkinliklerimizin \u00e7o\u011funda T.C. Avrupa Birli\u011fi Bakanl\u0131\u011f\u0131, T.C. Bilim, Sanayi ve Teknoloji Bakanl\u0131\u011f\u0131, T.C. \u00c7evre ve \u015eehircilik Bakanl\u0131\u011f\u0131, T.C. D\u0131\u015fi\u015fleri Bakanl\u0131\u011f\u0131, T.C. Ekonomi Bakanl\u0131\u011f\u0131, T.C. Enerji ve Tabii Kaynaklar Bakanl\u0131\u011f\u0131, T.C. Kalk\u0131nma Bakanl\u0131\u011f\u0131, T.C. K\u00fclt\u00fcr ve Turizm Bakanl\u0131\u011f\u0131, T.C. <span id=\"OBJ_PREFIX_DWT448_com_zimbra_date\" class=\"Object\">Sa<\/span>\u011fl\u0131k Bakanl\u0131\u011f\u0131, T.C. Ula\u015ft\u0131rma, Denizcilik ve Haberle\u015fme Bakanl\u0131\u011f\u0131, Bilgi Teknolojileri ve \u0130leti\u015fim Kurumu (BTK) taraf\u0131ndan desteklenmi\u015ftir.<\/span><\/div>\n<div class=\"\"><\/div>\n<div class=\"\"><\/div>\n<div class=\"\"><b class=\"\">KATILIMCILAR<br \/>\n<\/b><\/div>\n<div class=\"\"><span style=\"font-family: Arial;\">B\u0130MY Etkinli\u011fimize her sene Kamu, \u00dcniversite ve \u00d6zel Sekt\u00f6rden 500\u2019\u00fc a\u015fk\u0131n y\u00f6netici ve uzman kat\u0131l\u0131p katk\u0131 vermektedir. B\u0130MY\u201924 zengin i\u00e7erik ve farkl\u0131 formatta ele al\u0131nan g\u00fcncel konular\u0131yla olduk\u00e7a ilgi g\u00f6rmekte olup, daha \u00e7ok kat\u0131l\u0131mc\u0131 olmas\u0131 beklenmektedir. <\/span><\/div>\n<div class=\"\"><\/div>\n<div class=\"\"><\/div>\n<div class=\"\"><b class=\"\">KATILIM \u00dcCRET\u0130<br \/>\n<\/b><\/div>\n<table style=\"height: 152px;\" border=\"1\" width=\"766\" cellspacing=\"0\" cellpadding=\"0\">\n<tbody class=\"\">\n<tr class=\"\">\n<td class=\"\" valign=\"top\" width=\"128\" height=\"48\"><span class=\"\"><b class=\"\">Kat\u0131l\u0131mc\u0131<\/b><\/span><\/td>\n<td class=\"\" valign=\"top\" width=\"213\">\n<div class=\"\" style=\"text-align: center;\"><span class=\"\"><b class=\"\">Tek Ki\u015filik Oda<\/b><\/span><\/div>\n<div class=\"\" style=\"text-align: center;\"><span class=\"\"><b class=\"\">(<span id=\"OBJ_PREFIX_DWT449_com_zimbra_date\" class=\"Object\">7 Nisan 2017<\/span> tarihine kadar )<\/b><\/span><\/div>\n<\/td>\n<td class=\"\" valign=\"top\" width=\"233\">\n<div class=\"\" style=\"text-align: center;\"><span class=\"\"><b class=\"\">Tek Ki\u015filik Oda<\/b><\/span><\/div>\n<div class=\"\" style=\"text-align: center;\"><span class=\"\"><b class=\"\">(<span id=\"OBJ_PREFIX_DWT450_com_zimbra_date\" class=\"Object\">7 Nisan 2017<\/span> tarihinden sonra)<\/b><\/span><\/div>\n<\/td>\n<td class=\"\" valign=\"top\" width=\"182\">\n<div class=\"\" style=\"text-align: center;\"><span class=\"\"><b class=\"\">\u0130ki Ki\u015filik Oda <\/b><\/span><\/div>\n<div class=\"\" style=\"text-align: center;\"><span class=\"\"><b class=\"\">(Ki\u015fi ba\u015f\u0131)<\/b><\/span><\/div>\n<div class=\"\" style=\"text-align: center;\"><\/div>\n<\/td>\n<\/tr>\n<tr class=\"\">\n<td class=\"\" valign=\"top\" width=\"128\" height=\"20\"><span class=\"\"><b class=\"\">Tek Ki\u015fi Kat\u0131l\u0131m<\/b><\/span><\/td>\n<td class=\"\" style=\"text-align: right;\" valign=\"top\" width=\"213\"><span class=\"\">525 Euro + KDV<\/span><\/td>\n<td class=\"\" style=\"text-align: right;\" valign=\"top\" width=\"233\"><span class=\"\">555 Euro + KDV<\/span><\/td>\n<td class=\"\" style=\"text-align: right;\" valign=\"top\" width=\"182\"><span class=\"\">375 Euro + KDV<\/span><\/td>\n<\/tr>\n<tr class=\"\">\n<td class=\"\" valign=\"top\" width=\"128\" height=\"20\"><span class=\"\"><b class=\"\">E\u015fli Kat\u0131l\u0131m<\/b><\/span><\/td>\n<td class=\"\" valign=\"top\" width=\"213\"><\/td>\n<td class=\"\" valign=\"top\" width=\"233\"><\/td>\n<td class=\"\" style=\"text-align: right;\" valign=\"top\" width=\"182\"><span class=\"\">320 Euro + KDV<\/span><\/td>\n<\/tr>\n<\/tbody>\n<\/table>\n<div class=\"\"><\/div>\n<div class=\"\">\u2022 Yukar\u0131da belirtilen fiyatlar 3 gecelik otelin uygulad\u0131\u011f\u0131 her\u015fey dahil konsepti ve bilimsel aktiviteleri i\u00e7eren paket kat\u0131l\u0131m fiyatlar\u0131d\u0131r.<br \/>\n\u2022 Yukar\u0131da belirtilen fiyatlara KDV dahil de\u011fildir. %18 KDV eklenecektir.<br \/>\n\u2022 Yerle\u015ftirmeler ba\u015fvuru s\u0131ras\u0131na ve m\u00fcsaitlik durumuna g\u00f6re yap\u0131lacakt\u0131r. Ba\u015fvurunuzu yapmadan \u00f6nce etkinlik web sayfas\u0131ndaki g\u00fcncel durumu kontrol etmenizi \u00f6nemle rica ederiz.<br \/>\n\u2022 <strong>Aidat borcu olmayan TBD \u00fcyelerine %5 indirim uygulanacakt\u0131r.<\/strong><br \/>\n<strong>\u2022 10 ki\u015filik gruplara %5 grup indirimi uygulanacakt\u0131r.<\/strong><br \/>\n\u2022 7 Nisan 2017 tarihinden sonra yap\u0131lacak iptallerde \u00fccret iadesi yap\u0131lmayacakt\u0131r.<\/div>\n<div class=\"\">\n<div class=\"\"><\/div>\n<div class=\"\"><b class=\"\">DI\u015e KATILIMCI \u00dcCRET\u0130 (Paket Kat\u0131l\u0131m Almayanlar i\u00e7in)<\/b><\/div>\n<table border=\"1\" cellspacing=\"0\" cellpadding=\"0\">\n<tbody class=\"\">\n<tr class=\"\">\n<td class=\"\" valign=\"top\" width=\"180\"><span class=\"\"><b class=\"\">Konaklamas\u0131z Kat\u0131l\u0131m<\/b><\/span><\/td>\n<td class=\"\" valign=\"top\" width=\"171\">\n<div align=\"right\"><span class=\"\">250 Euro + KDV<\/span><\/div>\n<\/td>\n<td class=\"\" valign=\"top\" width=\"11\"><\/td>\n<\/tr>\n<\/tbody>\n<\/table>\n<div class=\"\">\u2022 Yukar\u0131da belirtilen fiyatlar 2 g\u00fcnl\u00fck bilimsel aktiviteleri i\u00e7eren paket kat\u0131l\u0131m yatlar\u0131d\u0131r. Toplant\u0131lar\u0131n ba\u015flang\u0131\u00e7 ve biti\u015f saatleri aras\u0131 i\u00e7in ge\u00e7erlidir.<br \/>\n\u2022 Yukar\u0131da belirtilen fiyatlara KDV dahil de\u011fildir. %18 KDV eklenecektir.<\/div>\n<p>&nbsp;<\/p>\n<\/div>\n<\/div>\n<div class=\"\">\n<div class=\"\"><b class=\"\"><span class=\"\" lang=\"TR\">B\u0130MY&#8217;23 VIDEOLAR<\/span><\/b><\/div>\n<div class=\"\"><span id=\"OBJ_PREFIX_DWT451_com_zimbra_url\" class=\"Object\"><a class=\"\" href=\"https:\/\/www.youtube.com\/playlist?list=PLX18Gi2i1Mh29xAEE0pQHPuMpuqOnLXqm\" target=\"_blank\"><span style=\"font-family: Arial;\">https:\/\/www.youtube.com\/playlist?list=PLX18Gi2i1Mh29xAEE0pQHPuMpuqOnLXqm<\/span><\/a><\/span><\/div>\n<div class=\"\"><\/div>\n<div class=\"\"><b class=\"\">\u0130LET\u0130\u015e\u0130M :<\/b><\/div>\n<div class=\"\"><\/div>\n<div class=\"\"><\/div>\n<div class=\"\"><span style=\"font-family: Arial;\"><b class=\"\"><span class=\"\">SPONSORLUK BA\u015eVURULARI :<\/span><\/b> <span class=\"\">TBD Etkinlik Koord. &#8211; Evrim G\u00dcNER<\/span> <span id=\"OBJ_PREFIX_DWT452_com_zimbra_email\" class=\"Object\"><a class=\"\" href=\"mailto:evrim.guner@tbd.org.tr\" target=\"_blank\"><span class=\"\">evrim.guner@tbd.org.tr<\/span><\/a><\/span> <\/span><\/div>\n<div class=\"\"><span style=\"font-family: Arial;\"><b class=\"\"><span class=\"\">Tel : <span id=\"OBJ_PREFIX_DWT453_com_zimbra_phone\" class=\"Object\"><a href=\"callto:0312 473 82 15\">0312 473 82 15<\/a><\/span> <\/span><\/b><\/span><\/div>\n<div class=\"\"><\/div>\n<div class=\"\"><\/div>\n<div class=\"\"><span style=\"font-family: Arial;\"><b class=\"\"><span class=\"\">KATILIM KAYIT ORGAN\u0130ZASYON :<\/span><\/b> <span class=\"\">Val\u00f6r Organizasyon &#8211; \u00d6mer KAZANO\u011eLU <\/span><span id=\"OBJ_PREFIX_DWT454_com_zimbra_email\" class=\"Object\"><a class=\"\" href=\"mailto:bimy@valor.com.tr\" target=\"_blank\"><span class=\"\">bimy@valor.com.tr<\/span><\/a><\/span><\/span><\/div>\n<div class=\"\"><span style=\"font-family: Arial;\"><b class=\"\"><span class=\"\">Tel : <span id=\"OBJ_PREFIX_DWT455_com_zimbra_phone\" class=\"Object\"><a href=\"callto:0312 491 88 88\">0312 491 88 88<\/a><\/span><\/span><\/b><\/span><\/div>\n<div class=\"\"><\/div>\n<div class=\"\"><\/div>\n<div class=\"\"><span style=\"font-family: Arial;\"><b class=\"\"><span class=\"\">WEB S\u0130TES\u0130 :<\/span><\/b> <span id=\"OBJ_PREFIX_DWT456_com_zimbra_url\" class=\"Object\"><a class=\"\" href=\"http:\/\/www.bimy.org.tr\/\" target=\"_blank\"><span class=\"\">www.bimy.org.tr<\/span><\/a><\/span> <\/span><\/div>\n<div class=\"\"><\/div>\n<div class=\"\"><span style=\"font-family: Arial;\"><b class=\"\"><span class=\"\">SOSYAL MEDYA :<\/span><\/b> <\/span><\/div>\n<div class=\"\"><span style=\"font-family: Arial;\"><span id=\"OBJ_PREFIX_DWT457_com_zimbra_url\" class=\"Object\"><a class=\"\" href=\"http:\/\/facebook.com\/TBDbimy\" target=\"_blank\"><span class=\"\">facebook.com\/TBDbimy<\/span><\/a><\/span> <span id=\"OBJ_PREFIX_DWT458_com_zimbra_url\" class=\"Object\"><a class=\"\" href=\"http:\/\/twitter.com\/TBDbimy\" target=\"_blank\"><span class=\"\">twitter.com\/TBDbimy<\/span><\/a><\/span> <span class=\"\">#B\u0130MY24 <\/span><span class=\"\"><br class=\"\" \/><\/span><\/span><\/div>\n<div class=\"\"><\/div>\n<div class=\"\"><span style=\"font-family: Arial;\"><b class=\"\">TBD Genel Merkez \u0130leti\u015fim : <\/b><span class=\"\"><br class=\"\" \/><b class=\"\">Tel :<\/b><\/span> <span class=\"\"><span id=\"OBJ_PREFIX_DWT459_com_zimbra_phone\" class=\"Object\"><a href=\"callto:0312 473 82 15\">0312 473 82 15<\/a><\/span> <\/span><\/span><\/div>\n<div class=\"\"><span style=\"font-family: Arial;\"><span class=\"\"><b class=\"\">E-posta : <\/b><\/span><span id=\"OBJ_PREFIX_DWT460_com_zimbra_email\" class=\"Object\"><a class=\"\" href=\"mailto:tbd-merkez@tbd.org.tr\" target=\"_blank\"><span class=\"\">tbd-merkez@tbd.org.tr <\/span><\/a><\/span> <\/span><\/div>\n<div class=\"\"><span style=\"font-family: Arial;\"><span class=\"\"><b class=\"\">Web : <\/b><\/span><span id=\"OBJ_PREFIX_DWT461_com_zimbra_url\" class=\"Object\"><a class=\"\" href=\"http:\/\/www.tbd.org.tr\/\" target=\"_blank\"><span class=\"\">www.tbd.org.tr<\/span><\/a><\/span><\/span><\/div>\n<\/div>\n<\/div>\n<p>[\/vc_column_text][\/vc_column][vc_column width=&#8221;1\/6&#8243;][vc_single_image image=&#8221;1390&#8243; img_size=&#8221;full&#8221; alignment=&#8221;center&#8221; title=&#8221;B\u0130MY&#8217;24&#8221;][vc_single_image image=&#8221;1494&#8243; img_size=&#8221;full&#8221; alignment=&#8221;center&#8221; onclick=&#8221;custom_link&#8221; title=&#8221;B\u0130MY&#8217;23&#8221; link=&#8221;http:\/\/bimy.org.tr\/bimy23&#8243;][\/vc_column][\/vc_row]<\/p>\n","protected":false},"excerpt":{"rendered":"<p>[vc_row full_width=&#8221;stretch_row&#8221; css=&#8221;.vc_custom_1490793848700{padding-top: 564px !important;padding-bottom: 20px !important;padding-left: 1050px !important;background-image: url(http:\/\/www.bimy.org.tr\/bimy24\/wp-content\/uploads\/2015\/09\/countdown24-bg2333.jpg?id=1460) !important;background-position: center !important;background-repeat: no-repeat !important;background-size: cover !important;}&#8221;][vc_column][\/vc_column][\/vc_row][vc_row css=&#8221;.vc_custom_1493109057520{background-color: #8500a3 !important;}&#8221;][vc_column width=&#8221;1\/4&#8243;][\/vc_column][vc_column width=&#8221;1\/2&#8243;][vc_btn title=&#8221;ETK\u0130NL\u0130K SONU\u00c7 RAPORU, BASINDA \u00c7IKAN HABERLER, ETK\u0130NL\u0130K FOTO\u011eRAFLARI ve VIDEOLARI&#8221; style=&#8221;3d&#8221; color=&#8221;white&#8221; i_icon_fontawesome=&#8221;fa fa-share-alt&#8221; link=&#8221;url:http%3A%2F%2Fwww.bimy.org.tr%2Fbimy24%2Fetkinlikbilgileri%2F||&#8221; add_icon=&#8221;true&#8221;][\/vc_column][vc_column width=&#8221;1\/4&#8243;][\/vc_column][\/vc_row][vc_row css=&#8221;.vc_custom_1498147635894{background-color: #ffffff !important;}&#8221;][vc_column width=&#8221;1\/4&#8243;][\/vc_column][vc_column width=&#8221;1\/4&#8243;][\/vc_column][vc_column width=&#8221;1\/4&#8243;][\/vc_column][vc_column width=&#8221;1\/4&#8243;][\/vc_column][\/vc_row][vc_row css=&#8221;.vc_custom_1451643690338{margin-top: 70px !important;margin-bottom: 100px !important;}&#8221;][vc_column width=&#8221;5\/6&#8243;][vc_column_text] \u201cB\u0130L\u0130\u015e\u0130MDE GEL\u0130\u015e\u0130M, B\u0130L\u0130\u015e\u0130MLE&nbsp;<\/p>\n<p><a class=\"btn btn-style\" href=\"https:\/\/www.bimy.org.tr\/bimy24\/\">Continue Reading<\/a><\/p>\n","protected":false},"author":4,"featured_media":0,"parent":0,"menu_order":0,"comment_status":"closed","ping_status":"closed","template":"homepage.php","meta":{"rs_blank_template":"","rs_page_bg_color":"","slide_template_v7":"","footnotes":""},"_links":{"self":[{"href":"https:\/\/www.bimy.org.tr\/bimy24\/wp-json\/wp\/v2\/pages\/70"}],"collection":[{"href":"https:\/\/www.bimy.org.tr\/bimy24\/wp-json\/wp\/v2\/pages"}],"about":[{"href":"https:\/\/www.bimy.org.tr\/bimy24\/wp-json\/wp\/v2\/types\/page"}],"author":[{"embeddable":true,"href":"https:\/\/www.bimy.org.tr\/bimy24\/wp-json\/wp\/v2\/users\/4"}],"replies":[{"embeddable":true,"href":"https:\/\/www.bimy.org.tr\/bimy24\/wp-json\/wp\/v2\/comments?post=70"}],"version-history":[{"count":138,"href":"https:\/\/www.bimy.org.tr\/bimy24\/wp-json\/wp\/v2\/pages\/70\/revisions"}],"predecessor-version":[{"id":1884,"href":"https:\/\/www.bimy.org.tr\/bimy24\/wp-json\/wp\/v2\/pages\/70\/revisions\/1884"}],"wp:attachment":[{"href":"https:\/\/www.bimy.org.tr\/bimy24\/wp-json\/wp\/v2\/media?parent=70"}],"curies":[{"name":"wp","href":"https:\/\/api.w.org\/{rel}","templated":true}]}}