{"id":861,"date":"2016-03-12T20:16:46","date_gmt":"2016-03-12T18:16:46","guid":{"rendered":"http:\/\/bimy.org.tr\/bimy24\/?page_id=861"},"modified":"2017-04-20T13:44:24","modified_gmt":"2017-04-20T10:44:24","slug":"kurullar","status":"publish","type":"page","link":"https:\/\/www.bimy.org.tr\/bimy24\/kurullar\/","title":{"rendered":"Kurullar"},"content":{"rendered":"<h4>TBD Y\u00d6NET\u0130M KURULU<\/h4>\n<p>Ba\u015fkan :\u00a0Rahmi AKTEPE<\/p>\n<p>YK \u00dcyeleri :<\/p>\n<ul>\n<li>Emre ALK\u0130N<\/li>\n<li>Ertan BARUT<\/li>\n<li>Nuray BA\u015eAR<\/li>\n<li>L\u00fctfi \u00d6ZB\u0130LEN<\/li>\n<li>Ceyda S\u00dcER<\/li>\n<li>Adem \u015eAH\u0130N<\/li>\n<li>Hakan TARHAN<\/li>\n<li>Ahmet TOSUNO\u011eLU<\/li>\n<li>Mehmet Ali YAZICI<\/li>\n<li>Ekrem YENER<\/li>\n<li>An\u0131l YILMAZ<\/li>\n<li>\u0130lyas YILMAZYILDIZ<\/li>\n<\/ul>\n<h4>TBD B\u0130MY&#8217;24 ETK\u0130NL\u0130K Y\u00dcR\u00dcTME KURULU<\/h4>\n<p>Ba\u015fkan :\u00a0Ertan BARUT &#8211; GLOBALNET \u0130nternet Teknolojileri<\/p>\n<p>\u00dcyeler :<\/p>\n<ul>\n<li>\u0130. \u0130lker TABAK &#8211; \u0130lker Tabak Bili\u015fim Dan\u0131\u015fmanl\u0131k<\/li>\n<li>L\u00fctfi \u00d6ZB\u0130LEN &#8211; Fokus Akademi<\/li>\n<li>M. Ali YAZICI &#8211; Aselsan<\/li>\n<li>Nihan TUNA &#8211; EMT Elektronik<\/li>\n<li>Sel\u00e7uk KAVASO\u011eLU &#8211; Kalk\u0131nma Bakanl\u0131\u011f\u0131<\/li>\n<li>Vural R\u0131za \u0130BR\u0130\u015e\u0130M &#8211; Pupa Design<\/li>\n<\/ul>\n","protected":false},"excerpt":{"rendered":"<p>TBD Y\u00d6NET\u0130M KURULU Ba\u015fkan :\u00a0Rahmi AKTEPE YK \u00dcyeleri : Emre ALK\u0130N Ertan BARUT Nuray BA\u015eAR L\u00fctfi \u00d6ZB\u0130LEN Ceyda S\u00dcER Adem \u015eAH\u0130N Hakan TARHAN Ahmet TOSUNO\u011eLU Mehmet Ali YAZICI Ekrem YENER An\u0131l YILMAZ \u0130lyas YILMAZYILDIZ TBD B\u0130MY&#8217;24 ETK\u0130NL\u0130K Y\u00dcR\u00dcTME KURULU Ba\u015fkan :\u00a0Ertan BARUT &#8211; GLOBALNET \u0130nternet Teknolojileri \u00dcyeler : \u0130. \u0130lker TABAK &#8211; \u0130lker Tabak Bili\u015fim&nbsp;<\/p>\n<p><a class=\"btn btn-style\" href=\"https:\/\/www.bimy.org.tr\/bimy24\/kurullar\/\">Continue Reading<\/a><\/p>\n","protected":false},"author":2,"featured_media":0,"parent":0,"menu_order":0,"comment_status":"closed","ping_status":"closed","template":"","meta":{"rs_blank_template":"","rs_page_bg_color":"","slide_template_v7":"","footnotes":""},"_links":{"self":[{"href":"https:\/\/www.bimy.org.tr\/bimy24\/wp-json\/wp\/v2\/pages\/861"}],"collection":[{"href":"https:\/\/www.bimy.org.tr\/bimy24\/wp-json\/wp\/v2\/pages"}],"about":[{"href":"https:\/\/www.bimy.org.tr\/bimy24\/wp-json\/wp\/v2\/types\/page"}],"author":[{"embeddable":true,"href":"https:\/\/www.bimy.org.tr\/bimy24\/wp-json\/wp\/v2\/users\/2"}],"replies":[{"embeddable":true,"href":"https:\/\/www.bimy.org.tr\/bimy24\/wp-json\/wp\/v2\/comments?post=861"}],"version-history":[{"count":7,"href":"https:\/\/www.bimy.org.tr\/bimy24\/wp-json\/wp\/v2\/pages\/861\/revisions"}],"predecessor-version":[{"id":1629,"href":"https:\/\/www.bimy.org.tr\/bimy24\/wp-json\/wp\/v2\/pages\/861\/revisions\/1629"}],"wp:attachment":[{"href":"https:\/\/www.bimy.org.tr\/bimy24\/wp-json\/wp\/v2\/media?parent=861"}],"curies":[{"name":"wp","href":"https:\/\/api.w.org\/{rel}","templated":true}]}}