{"id":870,"date":"2016-03-12T20:50:57","date_gmt":"2016-03-12T18:50:57","guid":{"rendered":"http:\/\/bimy.org.tr\/bimy24\/?page_id=870"},"modified":"2017-04-07T11:39:48","modified_gmt":"2017-04-07T08:39:48","slug":"basin-bulteni","status":"publish","type":"page","link":"https:\/\/www.bimy.org.tr\/bimy24\/basin-bulteni\/","title":{"rendered":"Bas\u0131n B\u00fclteni"},"content":{"rendered":"<div class=\"themeum-title rtl-right\"><\/div>\n<div class=\"\">\n<div class=\"\">\n<div class=\"\">\n<h3 style=\"text-align: center;\"><span style=\"color: #993366;\"><strong>T\u00dcRK\u0130YE\u2019N\u0130N G\u00dcNDEM\u0130 B\u0130L\u0130\u015e\u0130M OLACAK <\/strong><\/span><\/h3>\n<h3 style=\"text-align: center;\"><span style=\"color: #993366;\"><strong>T\u00dcRK\u0130YE B\u0130L\u0130\u015e\u0130ME ODAKLANACAK<\/strong><\/span><\/h3>\n<h3 style=\"text-align: center;\"><span style=\"color: #993366;\"><strong>TBD, B\u0130L\u0130\u015e\u0130ME Y\u00d6N VERENLER\u0130 \u2018BAHAR BULU\u015eMASI\u2019NDA B\u0130R ARAYA GET\u0130RECEK<\/strong><\/span><\/h3>\n<h3 style=\"text-align: center;\"><span style=\"color: #993366;\"><strong>B\u0130MY24\u2019\u00dcN ANA TEMASI: \u201cB\u0130L\u0130\u015e\u0130MDE GEL\u0130\u015e\u0130M, B\u0130L\u0130\u015e\u0130MLE GEL\u0130\u015e\u0130M\u201d<\/strong><\/span><\/h3>\n<h3 style=\"text-align: center;\"><span style=\"color: #993366;\"><strong><br \/>\nTBD GENEL BA\u015eKANI RAHM\u0130 AKTEPE:<\/strong><\/span><\/h3>\n<h3 style=\"text-align: center;\"><span style=\"color: #993366;\"><strong>\u201cT\u00dcRK\u0130YE B\u0130L\u0130\u015e\u0130MDEK\u0130 DE\u011e\u0130\u015e\u0130M\u0130 AC\u0130LEN YAKALAMALI\u201d<\/strong><\/span><\/h3>\n<p><strong>\u00a0<\/strong><\/p>\n<p>T\u00fcrkiye Bili\u015fim Derne\u011fi\u2019nin (TBD) \u201cBili\u015fimde Bahar Bulu\u015fmas\u0131\u201d kamu ve \u00f6zel sekt\u00f6rde bili\u015fim ve ileti\u015fim teknolojilerine y\u00f6n veren 500\u2019\u00fc a\u015fk\u0131n ismi bir araya getirecek. TBD\u2019nin geleneksel hale gelen ve bu y\u0131l 24\u2019\u00fcnc\u00fcs\u00fc d\u00fczenlenecek olan \u201cBilgi \u0130\u015flem Merkezi Y\u00f6neticileri Semineri-B\u0130MY\u201924 \u201c<em>Bili\u015fimde Geli\u015fim, Bili\u015fimle Geli\u015fim<\/em>\u201d temas\u0131yla 27-30 Nisan tarihleri aras\u0131nda Antalya\u2019da yap\u0131lacak. TBD B\u0130MY24\u2019\u00fc T\u00fcrkiye\u2019nin en \u00f6nemli \u015firketlerinin ve kamu \u00fcst d\u00fczey temsilcilerinin katk\u0131lar\u0131yla ger\u00e7ekle\u015ftireceklerini belirten TBD Genel Ba\u015fkan\u0131 Rahmi Aktepe, \u201cBu y\u0131lki Bahar Bulu\u015fmam\u0131zda yeni teknolojilerin geli\u015ftirilmesi, \u00fcretilmesi ve etkin olarak kullan\u0131lmas\u0131 konular\u0131n\u0131 masaya yat\u0131raca\u011f\u0131z. AR-GE, \u00fcretim, istihdam \u00fc\u00e7geninde bili\u015fim ve ileti\u015fim teknolojilerinde verimlilik ve s\u00fcrd\u00fcr\u00fclebilirli\u011fin de tart\u0131\u015f\u0131laca\u011f\u0131 B\u0130MY24\u2019e bili\u015fimin t\u00fcm taraflar\u0131n\u0131 davet ediyoruz\u201d dedi.<\/p>\n<p>\u201cDijital T\u00fcrkiye\u201d projesinin hayata ge\u00e7irilmesi ve bili\u015fimde gelecek vizyonunun belirlenmesi hedefiyle d\u00fczenlenen TBD Bahar Bulu\u015fmas\u0131-B\u0130MY&#8217;24 kamu, \u00f6zel sekt\u00f6r ve \u00fcniversitelerin \u00fcst d\u00fczey y\u00f6neticilerini bulu\u015fturacak. Antalya Rixos Premium Kongre Merkezi\u2019nde yap\u0131lacak B\u0130MY24\u2019\u00fcn a\u00e7\u0131l\u0131\u015f konu\u015fmalar\u0131n\u0131, Kalk\u0131nma Bakan\u0131 L\u00fctfi Elvan, Bilgi ve \u0130leti\u015fim Teknolojileri (BTK) Ba\u015fkan\u0131 \u00d6mer Fatih Sayan, T\u00dcRKSAT Genel M\u00fcd\u00fcr\u00fc Cenk \u015een, T\u00dcS\u0130AD Y\u00f6netim Kurulu Ba\u015fkan\u0131 Erol Bilecik, T\u00fcrkiye Bili\u015fim Vakf\u0131 Y\u00f6netim Kurulu Ba\u015fkan\u0131 Faruk Eczac\u0131ba\u015f\u0131, Antalya Ticaret ve Sanayi Odas\u0131 Ba\u015fkan\u0131 Davut \u00c7etin, Vodafone Genel M\u00fcd\u00fcr Yard\u0131mc\u0131s\u0131 Hasan S\u00fcel ve TBD Genel Ba\u015fkan\u0131 Rahmi Aktepe yapacak.<\/p>\n<p><strong>BA\u015eARI H\u0130KAYELER\u0130 PAYLA\u015eILACAK<\/strong><\/p>\n<p>B\u0130MY\u201924 kapsam\u0131nda bili\u015fim ve ileti\u015fim teknolojilerine y\u00f6n veren isimler kamu ve \u00f6zel sekt\u00f6re yol g\u00f6sterici sunumlar yaparak ba\u015far\u0131 hikayelerini payla\u015facak. Sekt\u00f6re dair durum tespitinin de yap\u0131laca\u011f\u0131 B\u0130MY24\u2019de, \u201c4. Sanayi Devrimi ve Bili\u015fimle \u00dcreten T\u00fcrkiye\u201d, \u201cBili\u015fimle Geli\u015fim \u0130\u00e7in AR-GE: S\u00fcrd\u00fcr\u00fclebilirlik\u201d, \u201c\u00dclkemizin \u0130stihdam Sorunu, K\u0131sa ve Uzun D\u00f6nem Politikalar, Mesleki Yeterlilik\u201d, \u201cBili\u015fim Teknolojileri ve Dijital D\u00f6n\u00fc\u015f\u00fcmde: Verimlilik\u201d, \u201cAntalya \u0130\u015f D\u00fcnyas\u0131 ve Bilgi \u0130\u015flem Y\u00f6neticileri Bulu\u015fmas\u0131\u201d konulu panel ve oturumlar ger\u00e7ekle\u015ftirilecek.<\/p>\n<p><strong>\u201cB\u0130L\u0130\u015e\u0130MDE S\u00d6Z SAH\u0130B\u0130 OLMAK \u0130\u00c7\u0130N KAMU-\u00d6ZEL SEKT\u00d6R EL ELE VERMEL\u0130\u201d<\/strong><\/p>\n<p>TBD Bahar Bulu\u015fmas\u0131-B\u0130MY24\u2019te ele al\u0131nan konular, yap\u0131lan sunumlar ve getirilen \u00f6neriler \u00e7er\u00e7evesinde haz\u0131rlanacak sonu\u00e7 raporunun devletin \u00fcst d\u00fczey mercileri ile payla\u015f\u0131laca\u011f\u0131n\u0131 kaydeden TBD Genel Ba\u015fkan\u0131 Rahmi Aktepe, bili\u015fimde s\u00f6z sahibi \u00fclke olmas\u0131 i\u00e7in T\u00fcrkiye\u2019nin acilen d\u00fcnyadaki de\u011fi\u015fimi okuyup yakalamas\u0131 gerekti\u011fini s\u00f6yledi. Bu y\u0131l 46\u2019\u0131nc\u0131 y\u0131l\u0131n\u0131 dolduran TBD\u2019nin kamu ve \u00f6zel sekt\u00f6r aras\u0131nda bir k\u00f6pr\u00fc g\u00f6revi g\u00f6rd\u00fc\u011f\u00fcne dikkat \u00e7eken Aktepe \u015f\u00f6yle devam etti:<\/p>\n<p>\u201cD\u00fcnyada \u00fcretim ara\u00e7lar\u0131 h\u0131zla de\u011fi\u015fiyor, geli\u015fiyor ve bili\u015fimin \u00f6nemi her ge\u00e7en g\u00fcn art\u0131yor. Global d\u00fczeyde ya\u015fanan bu de\u011fi\u015fime T\u00fcrkiye\u2019nin acilen ayak uydurmas\u0131 gerekiyor. Bunun i\u00e7in kamu ve \u00f6zel sekt\u00f6r birlikte \u00e7al\u0131\u015fmam\u0131z, birbirimize destek olmam\u0131z elzem. TBD bu noktada kamu ile \u00f6zel sekt\u00f6r aras\u0131nda bir k\u00f6pr\u00fc g\u00f6revi g\u00f6r\u00fcyor. Geleneksel olarak d\u00fczenledi\u011fimiz B\u0130MY\u201924 gibi etkinliklerimize kamu, \u00f6zel sekt\u00f6r ve \u00fcniversiteleri ortak platformda bulu\u015fturuyoruz. Bu y\u0131lki Bahar Bulu\u015fmam\u0131z\u2019da da ileti\u015fim, g\u00fcvenlik, bulut bili\u015fim gibi teknolojik geli\u015fmelerin yan\u0131nda \u2018Sanayi 4.0\u2019 kavram\u0131nda oldu\u011fu gibi \u00fcretim ara\u00e7lar\u0131n\u0131n internet tabanl\u0131 olarak de\u011fi\u015fim g\u00f6stermesi en \u00f6nemli g\u00fcndem maddelerimiz olacak. Bili\u015fimde, T\u00fcrkiye\u2019nin en g\u00fc\u00e7l\u00fc ve d\u00fcnyada say\u0131l\u0131 sivil toplum kurulu\u015flar\u0131ndan biri olarak B\u0130MY\u201924 etkinli\u011fimizde, \u2018AR-GE, \u00dcretim ve \u0130stihdam\u2019\u0131 s\u00fcrd\u00fcr\u00fclebilirlik ve verimlilik \u00e7er\u00e7evesinde ele alaca\u011f\u0131z. TBD olarak, T\u00fcrkiye\u2019nin bili\u015fimde geli\u015fimini sa\u011flayarak, \u00fclkemizi bili\u015fimle geli\u015fen, b\u00fcy\u00fcyen ve bili\u015fimde s\u00f6z sahibi olan bir \u00fclke olma hedefinde bulu\u015fturmak istiyoruz.\u201d<\/p>\n<p><strong>TUR\u0130ZME D\u0130J\u0130TAL \u00c7\u00d6Z\u00dcM \u0130\u00c7\u0130N \u00d6ZEL OTURUM<\/strong><\/p>\n<p>Ula\u015ft\u0131rma, Denizcilik ve Haberle\u015fme Bakanl\u0131\u011f\u0131, Bilim, Sanayi ve Teknoloji Bakanl\u0131\u011f\u0131, Kalk\u0131nma Bakanl\u0131\u011f\u0131, Bilgi Teknolojileri ve \u0130leti\u015fim Kurumu ve Digital T\u00fcrkiye Platformu taraf\u0131ndan desteklenen TBD B\u0130MY\u201924 \u00e7er\u00e7evesinde \u201cAntalya \u0130\u015f D\u00fcnyas\u0131 ve Bilgi \u0130\u015flem Y\u00f6neticileri Bulu\u015fmas\u0131\u201d \u00f6zel oturumu da yap\u0131lacak. \u00d6zel oturumda Antalya\u2019da b\u00f6lgeye \u00f6zel i\u015f alanlar\u0131n\u0131n turizm, otelcilik, tar\u0131m gibi alanlarda ihtiya\u00e7 duyulan bili\u015fim \u00e7\u00f6z\u00fcmleri ve dijital \u00e7a\u011f\u0131n f\u0131rsatlar\u0131 sekt\u00f6r uzmanlar\u0131 taraf\u0131ndan ele al\u0131nacak. \u201cNetworking ve \u0130\u015fbirli\u011fi G\u00fc\u00e7lendirme\u201d amac\u0131yla d\u00fczenlenecek bu \u00f6zel oturumda bili\u015fim d\u00fcnyas\u0131ndaki son trendler, yeni \u00fcr\u00fcn, hizmet ve i\u015f modelleri g\u00f6r\u00fc\u015f\u00fclerek bili\u015fim firma temsilcilerinin \u00e7\u00f6z\u00fcmlerini karar vericilere do\u011frudan tan\u0131t\u0131mlar\u0131 sa\u011flanacak.<\/p><\/div>\n<\/div>\n<div class=\"\"><\/div>\n<\/div>\n","protected":false},"excerpt":{"rendered":"<p>T\u00dcRK\u0130YE\u2019N\u0130N G\u00dcNDEM\u0130 B\u0130L\u0130\u015e\u0130M OLACAK T\u00dcRK\u0130YE B\u0130L\u0130\u015e\u0130ME ODAKLANACAK TBD, B\u0130L\u0130\u015e\u0130ME Y\u00d6N VERENLER\u0130 \u2018BAHAR BULU\u015eMASI\u2019NDA B\u0130R ARAYA GET\u0130RECEK B\u0130MY24\u2019\u00dcN ANA TEMASI: \u201cB\u0130L\u0130\u015e\u0130MDE GEL\u0130\u015e\u0130M, B\u0130L\u0130\u015e\u0130MLE GEL\u0130\u015e\u0130M\u201d TBD GENEL BA\u015eKANI RAHM\u0130 AKTEPE: \u201cT\u00dcRK\u0130YE B\u0130L\u0130\u015e\u0130MDEK\u0130 DE\u011e\u0130\u015e\u0130M\u0130 AC\u0130LEN YAKALAMALI\u201d \u00a0 T\u00fcrkiye Bili\u015fim Derne\u011fi\u2019nin (TBD) \u201cBili\u015fimde Bahar Bulu\u015fmas\u0131\u201d kamu ve \u00f6zel sekt\u00f6rde bili\u015fim ve ileti\u015fim teknolojilerine y\u00f6n veren 500\u2019\u00fc a\u015fk\u0131n ismi bir&nbsp;<\/p>\n<p><a class=\"btn btn-style\" href=\"https:\/\/www.bimy.org.tr\/bimy24\/basin-bulteni\/\">Continue Reading<\/a><\/p>\n","protected":false},"author":2,"featured_media":0,"parent":0,"menu_order":0,"comment_status":"closed","ping_status":"closed","template":"","meta":{"rs_blank_template":"","rs_page_bg_color":"","slide_template_v7":"","footnotes":""},"_links":{"self":[{"href":"https:\/\/www.bimy.org.tr\/bimy24\/wp-json\/wp\/v2\/pages\/870"}],"collection":[{"href":"https:\/\/www.bimy.org.tr\/bimy24\/wp-json\/wp\/v2\/pages"}],"about":[{"href":"https:\/\/www.bimy.org.tr\/bimy24\/wp-json\/wp\/v2\/types\/page"}],"author":[{"embeddable":true,"href":"https:\/\/www.bimy.org.tr\/bimy24\/wp-json\/wp\/v2\/users\/2"}],"replies":[{"embeddable":true,"href":"https:\/\/www.bimy.org.tr\/bimy24\/wp-json\/wp\/v2\/comments?post=870"}],"version-history":[{"count":31,"href":"https:\/\/www.bimy.org.tr\/bimy24\/wp-json\/wp\/v2\/pages\/870\/revisions"}],"predecessor-version":[{"id":1524,"href":"https:\/\/www.bimy.org.tr\/bimy24\/wp-json\/wp\/v2\/pages\/870\/revisions\/1524"}],"wp:attachment":[{"href":"https:\/\/www.bimy.org.tr\/bimy24\/wp-json\/wp\/v2\/media?parent=870"}],"curies":[{"name":"wp","href":"https:\/\/api.w.org\/{rel}","templated":true}]}}