{"id":898,"date":"2016-03-12T21:34:49","date_gmt":"2016-03-12T19:34:49","guid":{"rendered":"http:\/\/bimy.org.tr\/bimy24\/?page_id=898"},"modified":"2017-04-24T18:33:47","modified_gmt":"2017-04-24T15:33:47","slug":"oturumlar","status":"publish","type":"page","link":"https:\/\/www.bimy.org.tr\/bimy24\/oturumlar\/","title":{"rendered":"Konu\u015fmac\u0131lar, Oturumlar"},"content":{"rendered":"<p style=\"text-align: center;\"><strong>TBD B\u0130MY&#8217;24 Oturumlar ve Konu\u015fmac\u0131lar\u00a0<\/strong><\/p>\n<hr \/>\n<p style=\"text-align: center;\"><strong>&#8220;G\u00fcncelleniyor&#8221;<\/strong><\/p>\n<p>&nbsp;<\/p>\n<div class=\"_1mf _1mj\" style=\"text-align: center;\" data-offset-key=\"dshl4-0-0\">\n<p>\u00a0<img loading=\"lazy\" decoding=\"async\" class=\"alignnone wp-image-1537\" src=\"http:\/\/www.bimy.org.tr\/bimy24\/wp-content\/uploads\/2016\/03\/Erol-Bilecik-Facebook-gorsel-2-1024x617.jpg\" alt=\"\" width=\"500\" height=\"301\" srcset=\"https:\/\/www.bimy.org.tr\/bimy24\/wp-content\/uploads\/2016\/03\/Erol-Bilecik-Facebook-gorsel-2-1024x617.jpg 1024w, https:\/\/www.bimy.org.tr\/bimy24\/wp-content\/uploads\/2016\/03\/Erol-Bilecik-Facebook-gorsel-2-300x181.jpg 300w, https:\/\/www.bimy.org.tr\/bimy24\/wp-content\/uploads\/2016\/03\/Erol-Bilecik-Facebook-gorsel-2-768x463.jpg 768w, https:\/\/www.bimy.org.tr\/bimy24\/wp-content\/uploads\/2016\/03\/Erol-Bilecik-Facebook-gorsel-2.jpg 1360w\" sizes=\"(max-width: 500px) 100vw, 500px\" \/>\u00a0 \u00a0 \u00a0 \u00a0\u00a0<img loading=\"lazy\" decoding=\"async\" class=\"alignnone wp-image-1527\" src=\"http:\/\/www.bimy.org.tr\/bimy24\/wp-content\/uploads\/2016\/03\/konusmaci-Facebook-gorsel-1024x617.jpg\" alt=\"konusmaci Facebook gorsel\" width=\"500\" height=\"301\" srcset=\"https:\/\/www.bimy.org.tr\/bimy24\/wp-content\/uploads\/2016\/03\/konusmaci-Facebook-gorsel-1024x617.jpg 1024w, https:\/\/www.bimy.org.tr\/bimy24\/wp-content\/uploads\/2016\/03\/konusmaci-Facebook-gorsel-300x181.jpg 300w, https:\/\/www.bimy.org.tr\/bimy24\/wp-content\/uploads\/2016\/03\/konusmaci-Facebook-gorsel-768x463.jpg 768w, https:\/\/www.bimy.org.tr\/bimy24\/wp-content\/uploads\/2016\/03\/konusmaci-Facebook-gorsel.jpg 1360w\" sizes=\"(max-width: 500px) 100vw, 500px\" \/><\/p>\n<p><img loading=\"lazy\" decoding=\"async\" class=\"alignnone wp-image-1538\" src=\"http:\/\/www.bimy.org.tr\/bimy24\/wp-content\/uploads\/2016\/03\/Hilmi-Develi-Facebook-gorsel-1024x617.jpg\" alt=\"Hilmi Develi Facebook gorsel\" width=\"500\" height=\"301\" srcset=\"https:\/\/www.bimy.org.tr\/bimy24\/wp-content\/uploads\/2016\/03\/Hilmi-Develi-Facebook-gorsel-1024x617.jpg 1024w, https:\/\/www.bimy.org.tr\/bimy24\/wp-content\/uploads\/2016\/03\/Hilmi-Develi-Facebook-gorsel-300x181.jpg 300w, https:\/\/www.bimy.org.tr\/bimy24\/wp-content\/uploads\/2016\/03\/Hilmi-Develi-Facebook-gorsel-768x463.jpg 768w, https:\/\/www.bimy.org.tr\/bimy24\/wp-content\/uploads\/2016\/03\/Hilmi-Develi-Facebook-gorsel.jpg 1360w\" sizes=\"(max-width: 500px) 100vw, 500px\" \/>\u00a0 \u00a0 \u00a0 \u00a0\u00a0<img loading=\"lazy\" decoding=\"async\" class=\"alignnone wp-image-1539\" src=\"http:\/\/www.bimy.org.tr\/bimy24\/wp-content\/uploads\/2016\/03\/Burak-AydinFacebook-gorsel-1024x617.jpg\" alt=\"Burak AydinFacebook gorsel\" width=\"500\" height=\"301\" srcset=\"https:\/\/www.bimy.org.tr\/bimy24\/wp-content\/uploads\/2016\/03\/Burak-AydinFacebook-gorsel-1024x617.jpg 1024w, https:\/\/www.bimy.org.tr\/bimy24\/wp-content\/uploads\/2016\/03\/Burak-AydinFacebook-gorsel-300x181.jpg 300w, https:\/\/www.bimy.org.tr\/bimy24\/wp-content\/uploads\/2016\/03\/Burak-AydinFacebook-gorsel-768x463.jpg 768w, https:\/\/www.bimy.org.tr\/bimy24\/wp-content\/uploads\/2016\/03\/Burak-AydinFacebook-gorsel.jpg 1360w\" sizes=\"(max-width: 500px) 100vw, 500px\" \/><\/p>\n<p><img loading=\"lazy\" decoding=\"async\" class=\"alignnone wp-image-1618\" src=\"http:\/\/www.bimy.org.tr\/bimy24\/wp-content\/uploads\/2016\/03\/Cengiz-Ultav-Facebook-gorsel-1024x617.jpg\" alt=\"Cengiz Ultav Facebook gorsel\" width=\"500\" height=\"301\" srcset=\"https:\/\/www.bimy.org.tr\/bimy24\/wp-content\/uploads\/2016\/03\/Cengiz-Ultav-Facebook-gorsel-1024x617.jpg 1024w, https:\/\/www.bimy.org.tr\/bimy24\/wp-content\/uploads\/2016\/03\/Cengiz-Ultav-Facebook-gorsel-300x181.jpg 300w, https:\/\/www.bimy.org.tr\/bimy24\/wp-content\/uploads\/2016\/03\/Cengiz-Ultav-Facebook-gorsel-768x463.jpg 768w, https:\/\/www.bimy.org.tr\/bimy24\/wp-content\/uploads\/2016\/03\/Cengiz-Ultav-Facebook-gorsel.jpg 1360w\" sizes=\"(max-width: 500px) 100vw, 500px\" \/>\u00a0 \u00a0 \u00a0 \u00a0\u00a0<img loading=\"lazy\" decoding=\"async\" class=\"alignnone wp-image-1619\" src=\"http:\/\/www.bimy.org.tr\/bimy24\/wp-content\/uploads\/2016\/03\/Yavuz-Cabbar-Facebook-gorsel-1024x617.jpg\" alt=\"Yavuz Cabbar Facebook gorsel\" width=\"500\" height=\"301\" srcset=\"https:\/\/www.bimy.org.tr\/bimy24\/wp-content\/uploads\/2016\/03\/Yavuz-Cabbar-Facebook-gorsel-1024x617.jpg 1024w, https:\/\/www.bimy.org.tr\/bimy24\/wp-content\/uploads\/2016\/03\/Yavuz-Cabbar-Facebook-gorsel-300x181.jpg 300w, https:\/\/www.bimy.org.tr\/bimy24\/wp-content\/uploads\/2016\/03\/Yavuz-Cabbar-Facebook-gorsel-768x463.jpg 768w, https:\/\/www.bimy.org.tr\/bimy24\/wp-content\/uploads\/2016\/03\/Yavuz-Cabbar-Facebook-gorsel.jpg 1360w\" sizes=\"(max-width: 500px) 100vw, 500px\" \/><\/p>\n<p><img loading=\"lazy\" decoding=\"async\" class=\"alignnone wp-image-1652\" src=\"http:\/\/www.bimy.org.tr\/bimy24\/wp-content\/uploads\/2016\/03\/Tayfun-Acarer-Facebook-gorsel-1024x617.jpg\" alt=\"Tayfun Acarer Facebook gorsel\" width=\"500\" height=\"301\" srcset=\"https:\/\/www.bimy.org.tr\/bimy24\/wp-content\/uploads\/2016\/03\/Tayfun-Acarer-Facebook-gorsel-1024x617.jpg 1024w, https:\/\/www.bimy.org.tr\/bimy24\/wp-content\/uploads\/2016\/03\/Tayfun-Acarer-Facebook-gorsel-300x181.jpg 300w, https:\/\/www.bimy.org.tr\/bimy24\/wp-content\/uploads\/2016\/03\/Tayfun-Acarer-Facebook-gorsel-768x463.jpg 768w, https:\/\/www.bimy.org.tr\/bimy24\/wp-content\/uploads\/2016\/03\/Tayfun-Acarer-Facebook-gorsel.jpg 1360w\" sizes=\"(max-width: 500px) 100vw, 500px\" \/><\/p>\n<p><img loading=\"lazy\" decoding=\"async\" class=\"alignnone wp-image-1636\" src=\"http:\/\/www.bimy.org.tr\/bimy24\/wp-content\/uploads\/2016\/03\/Kahkaha-Yogasi-Mailing-1-721x1024.jpg\" alt=\"\" width=\"500\" height=\"710\" srcset=\"https:\/\/www.bimy.org.tr\/bimy24\/wp-content\/uploads\/2016\/03\/Kahkaha-Yogasi-Mailing-1-721x1024.jpg 721w, https:\/\/www.bimy.org.tr\/bimy24\/wp-content\/uploads\/2016\/03\/Kahkaha-Yogasi-Mailing-1-211x300.jpg 211w, https:\/\/www.bimy.org.tr\/bimy24\/wp-content\/uploads\/2016\/03\/Kahkaha-Yogasi-Mailing-1-768x1090.jpg 768w, https:\/\/www.bimy.org.tr\/bimy24\/wp-content\/uploads\/2016\/03\/Kahkaha-Yogasi-Mailing-1.jpg 832w\" sizes=\"(max-width: 500px) 100vw, 500px\" \/><\/p>\n<\/div>\n","protected":false},"excerpt":{"rendered":"<p>TBD B\u0130MY&#8217;24 Oturumlar ve Konu\u015fmac\u0131lar\u00a0 &#8220;G\u00fcncelleniyor&#8221; &nbsp; \u00a0\u00a0 \u00a0 \u00a0 \u00a0\u00a0 \u00a0 \u00a0 \u00a0 \u00a0\u00a0 \u00a0 \u00a0 \u00a0 \u00a0\u00a0<\/p>\n","protected":false},"author":2,"featured_media":0,"parent":0,"menu_order":0,"comment_status":"closed","ping_status":"closed","template":"","meta":{"rs_blank_template":"","rs_page_bg_color":"","slide_template_v7":"","footnotes":""},"_links":{"self":[{"href":"https:\/\/www.bimy.org.tr\/bimy24\/wp-json\/wp\/v2\/pages\/898"}],"collection":[{"href":"https:\/\/www.bimy.org.tr\/bimy24\/wp-json\/wp\/v2\/pages"}],"about":[{"href":"https:\/\/www.bimy.org.tr\/bimy24\/wp-json\/wp\/v2\/types\/page"}],"author":[{"embeddable":true,"href":"https:\/\/www.bimy.org.tr\/bimy24\/wp-json\/wp\/v2\/users\/2"}],"replies":[{"embeddable":true,"href":"https:\/\/www.bimy.org.tr\/bimy24\/wp-json\/wp\/v2\/comments?post=898"}],"version-history":[{"count":30,"href":"https:\/\/www.bimy.org.tr\/bimy24\/wp-json\/wp\/v2\/pages\/898\/revisions"}],"predecessor-version":[{"id":1653,"href":"https:\/\/www.bimy.org.tr\/bimy24\/wp-json\/wp\/v2\/pages\/898\/revisions\/1653"}],"wp:attachment":[{"href":"https:\/\/www.bimy.org.tr\/bimy24\/wp-json\/wp\/v2\/media?parent=898"}],"curies":[{"name":"wp","href":"https:\/\/api.w.org\/{rel}","templated":true}]}}